{"id":483,"date":"2023-10-24T12:34:13","date_gmt":"2023-10-24T10:34:13","guid":{"rendered":"https:\/\/www.oslonyokienne.com\/kudowa-zdroj\/"},"modified":"2023-10-26T15:54:30","modified_gmt":"2023-10-26T13:54:30","slug":"kudowa-zdroj","status":"publish","type":"page","link":"https:\/\/www.oslonyokienne.com\/cs\/kudowa-zdroj\/","title":{"rendered":"Kudowa-Zdr\u00f3j"},"content":{"rendered":"\n<p>Jsme renomovan\u00e1 spole\u010dnost, kter\u00e1 se specializuje na poskytov\u00e1n\u00ed komplexn\u00ed nab\u00eddky slu\u017eeb v oblasti oken a okenn\u00edch syst\u00e9m\u016f pro na\u0161e z\u00e1kazn\u00edky. Ji\u017e l\u00e9ta poskytujeme na\u0161im z\u00e1kazn\u00edk\u016fm v\u00fdrobky a slu\u017eby v oblasti oken t\u00e9 nejvy\u0161\u0161\u00ed kvality, kter\u00e9 zaji\u0161\u0165uj\u00ed pohodl\u00ed, estetiku a bezpe\u010dnost v jejich domovech a na pracovi\u0161t\u00edch.<\/p>\n\n\n\n<h3 class=\"wp-block-heading\">N\u00e1\u0161 sortiment &#8211; okna, \u017ealuzie a mnoho dal\u0161\u00edho&#8230;.<\/h3>\n\n\n\n<p>V na\u0161\u00ed spole\u010dnosti najdete v\u0161e, co pot\u0159ebujete pro okna va\u0161eho domu nebo kancel\u00e1\u0159e, stejn\u011b jako samotn\u00e1 okna. V\u00fdrobky, kter\u00e9 nab\u00edz\u00edme, jsou navr\u017eeny tak, aby v\u00e1m poskytly jedine\u010dn\u00e1 \u0159e\u0161en\u00ed, kter\u00e1 dodaj\u00ed va\u0161emu interi\u00e9ru nejen funk\u010dnost, ale tak\u00e9 estetick\u00fd v\u00fdraz. Objevte na\u0161i nab\u00eddku:<\/p>\n\n\n\n<ol class=\"wp-block-list\">\n<li>Prodej oken &#8211; n\u00e1\u0161 \u0161irok\u00fd sortiment oken zahrnuje r\u016fzn\u00e9 typy, kter\u00e9 vyhovuj\u00ed r\u016fzn\u00fdm styl\u016fm a pot\u0159eb\u00e1m. A\u0165 u\u017e d\u00e1v\u00e1te p\u0159ednost klasick\u00fdm d\u0159ev\u011bn\u00fdm okn\u016fm, modern\u00edm hlin\u00edkov\u00fdm okn\u016fm nebo energeticky \u00fasporn\u00fdm plastov\u00fdm okn\u016fm, n\u00e1\u0161 sortiment spln\u00ed va\u0161e o\u010dek\u00e1v\u00e1n\u00ed. D\u00edky na\u0161im v\u00fdrobk\u016fm z nejlep\u0161\u00edch materi\u00e1l\u016f m\u00e1te jistotu vynikaj\u00edc\u00ed tepeln\u00e9 a zvukov\u00e9 izolace, kter\u00e1 p\u0159isp\u011bje k va\u0161emu pohodl\u00ed.<\/li>\n<\/ol>\n\n\n\n<ol class=\"wp-block-list\" start=\"2\">\n<li>Opravy a servis oken &#8211; n\u00e1\u0161 t\u00fdm technik\u016f je z\u00e1rukou profesion\u00e1ln\u00edch oprav a servisu oken. Na p\u0159\u00edpadn\u00e9 poruchy reagujeme rychle a zaji\u0161\u0165ujeme, aby va\u0161e okna fungovala efektivn\u011b po mnoho let. Va\u0161e bezpe\u010dnost a pohodl\u00ed jsou pro n\u00e1s prioritou. Opravy a servis oken prov\u00e1d\u00edme mimo jin\u00e9 v Kudow\u011b-Zdroji, ale to neznamen\u00e1, \u017ee nep\u0159ij\u00edm\u00e1me zak\u00e1zky d\u00e1le od na\u0161\u00ed firmy. Kontaktujte na\u0161i spole\u010dnost a dozv\u00edte se v\u00edce.<\/li>\n<\/ol>\n\n\n\n<ol class=\"wp-block-list\" start=\"3\">\n<li>Dal\u0161\u00ed produkty &#8211; na\u0161e nab\u00eddka nekon\u010d\u00ed u oken. Nab\u00edz\u00edme tak\u00e9 \u0159adu dal\u0161\u00edch produkt\u016f, kter\u00e9 dopln\u00ed v\u00e1\u0161 interi\u00e9r:<\/li>\n<\/ol>\n","protected":false},"excerpt":{"rendered":"<p>Jsme renomovan\u00e1 spole\u010dnost, kter\u00e1 se specializuje na poskytov\u00e1n\u00ed komplexn\u00ed nab\u00eddky slu\u017eeb v oblasti oken a okenn\u00edch syst\u00e9m\u016f pro na\u0161e z\u00e1kazn\u00edky. Ji\u017e l\u00e9ta poskytujeme na\u0161im z\u00e1kazn\u00edk\u016fm v\u00fdrobky a slu\u017eby v oblasti oken t\u00e9 nejvy\u0161\u0161\u00ed kvality, kter\u00e9 zaji\u0161\u0165uj\u00ed pohodl\u00ed, estetiku a bezpe\u010dnost v jejich domovech a na pracovi\u0161t\u00edch. N\u00e1\u0161 sortiment &#8211; okna, \u017ealuzie a mnoho dal\u0161\u00edho&#8230;. V&hellip; <a class=\"more-link\" href=\"https:\/\/www.oslonyokienne.com\/cs\/kudowa-zdroj\/\">Pokra\u010dovat ve\u00a0\u010dten\u00ed <span class=\"screen-reader-text\">Kudowa-Zdr\u00f3j<\/span><\/a><\/p>\n","protected":false},"author":1,"featured_media":0,"parent":0,"menu_order":0,"comment_status":"closed","ping_status":"closed","template":"singleservice.php","meta":{"footnotes":""},"class_list":["post-483","page","type-page","status-publish","hentry","entry"],"yoast_head":"<!-- This site is optimized with the Yoast SEO plugin v21.9.1 - https:\/\/yoast.com\/wordpress\/plugins\/seo\/ -->\n<title>Kudowa-Zdr\u00f3j - Tax and Trade<\/title>\n<meta name=\"robots\" content=\"index, follow, max-snippet:-1, max-image-preview:large, max-video-preview:-1\" \/>\n<link rel=\"canonical\" href=\"https:\/\/www.oslonyokienne.com\/cs\/kudowa-zdroj\/\" \/>\n<meta property=\"og:locale\" content=\"cs_CZ\" \/>\n<meta property=\"og:type\" content=\"article\" \/>\n<meta property=\"og:title\" content=\"Kudowa-Zdr\u00f3j - Tax and Trade\" \/>\n<meta property=\"og:description\" content=\"Jsme renomovan\u00e1 spole\u010dnost, kter\u00e1 se specializuje na poskytov\u00e1n\u00ed komplexn\u00ed nab\u00eddky slu\u017eeb v oblasti oken a okenn\u00edch syst\u00e9m\u016f pro na\u0161e z\u00e1kazn\u00edky. Ji\u017e l\u00e9ta poskytujeme na\u0161im z\u00e1kazn\u00edk\u016fm v\u00fdrobky a slu\u017eby v oblasti oken t\u00e9 nejvy\u0161\u0161\u00ed kvality, kter\u00e9 zaji\u0161\u0165uj\u00ed pohodl\u00ed, estetiku a bezpe\u010dnost v jejich domovech a na pracovi\u0161t\u00edch. N\u00e1\u0161 sortiment &#8211; okna, \u017ealuzie a mnoho dal\u0161\u00edho&#8230;. V&hellip; Pokra\u010dovat ve\u00a0\u010dten\u00ed Kudowa-Zdr\u00f3j\" \/>\n<meta property=\"og:url\" content=\"https:\/\/www.oslonyokienne.com\/cs\/kudowa-zdroj\/\" \/>\n<meta property=\"og:site_name\" content=\"Tax and Trade\" \/>\n<meta property=\"article:modified_time\" content=\"2023-10-26T13:54:30+00:00\" \/>\n<meta name=\"twitter:card\" content=\"summary_large_image\" \/>\n<meta name=\"twitter:label1\" content=\"Odhadovan\u00e1 doba \u010dten\u00ed\" \/>\n\t<meta name=\"twitter:data1\" content=\"2 minuty\" \/>\n<script type=\"application\/ld+json\" class=\"yoast-schema-graph\">{\"@context\":\"https:\/\/schema.org\",\"@graph\":[{\"@type\":\"WebPage\",\"@id\":\"https:\/\/www.oslonyokienne.com\/cs\/kudowa-zdroj\/\",\"url\":\"https:\/\/www.oslonyokienne.com\/cs\/kudowa-zdroj\/\",\"name\":\"Kudowa-Zdr\u00f3j - Tax and Trade\",\"isPartOf\":{\"@id\":\"https:\/\/www.oslonyokienne.com\/cs\/#website\"},\"datePublished\":\"2023-10-24T10:34:13+00:00\",\"dateModified\":\"2023-10-26T13:54:30+00:00\",\"breadcrumb\":{\"@id\":\"https:\/\/www.oslonyokienne.com\/cs\/kudowa-zdroj\/#breadcrumb\"},\"inLanguage\":\"cs\",\"potentialAction\":[{\"@type\":\"ReadAction\",\"target\":[\"https:\/\/www.oslonyokienne.com\/cs\/kudowa-zdroj\/\"]}]},{\"@type\":\"BreadcrumbList\",\"@id\":\"https:\/\/www.oslonyokienne.com\/cs\/kudowa-zdroj\/#breadcrumb\",\"itemListElement\":[{\"@type\":\"ListItem\",\"position\":1,\"name\":\"Strona g\u0142\u00f3wna\",\"item\":\"https:\/\/www.oslonyokienne.com\/cs\/\"},{\"@type\":\"ListItem\",\"position\":2,\"name\":\"Kudowa-Zdr\u00f3j\"}]},{\"@type\":\"WebSite\",\"@id\":\"https:\/\/www.oslonyokienne.com\/cs\/#website\",\"url\":\"https:\/\/www.oslonyokienne.com\/cs\/\",\"name\":\"Tax and Trade\",\"description\":\"\",\"publisher\":{\"@id\":\"https:\/\/www.oslonyokienne.com\/cs\/#organization\"},\"potentialAction\":[{\"@type\":\"SearchAction\",\"target\":{\"@type\":\"EntryPoint\",\"urlTemplate\":\"https:\/\/www.oslonyokienne.com\/cs\/?s={search_term_string}\"},\"query-input\":\"required name=search_term_string\"}],\"inLanguage\":\"cs\"},{\"@type\":\"Organization\",\"@id\":\"https:\/\/www.oslonyokienne.com\/cs\/#organization\",\"name\":\"Tax and Trade\",\"url\":\"https:\/\/www.oslonyokienne.com\/cs\/\",\"logo\":{\"@type\":\"ImageObject\",\"inLanguage\":\"cs\",\"@id\":\"https:\/\/www.oslonyokienne.com\/cs\/#\/schema\/logo\/image\/\",\"url\":\"https:\/\/www.oslonyokienne.com\/wp-content\/uploads\/2021\/11\/logo.png\",\"contentUrl\":\"https:\/\/www.oslonyokienne.com\/wp-content\/uploads\/2021\/11\/logo.png\",\"width\":255,\"height\":59,\"caption\":\"Tax and Trade\"},\"image\":{\"@id\":\"https:\/\/www.oslonyokienne.com\/cs\/#\/schema\/logo\/image\/\"}}]}<\/script>\n<!-- \/ Yoast SEO plugin. -->","yoast_head_json":{"title":"Kudowa-Zdr\u00f3j - Tax and Trade","robots":{"index":"index","follow":"follow","max-snippet":"max-snippet:-1","max-image-preview":"max-image-preview:large","max-video-preview":"max-video-preview:-1"},"canonical":"https:\/\/www.oslonyokienne.com\/cs\/kudowa-zdroj\/","og_locale":"cs_CZ","og_type":"article","og_title":"Kudowa-Zdr\u00f3j - Tax and Trade","og_description":"Jsme renomovan\u00e1 spole\u010dnost, kter\u00e1 se specializuje na poskytov\u00e1n\u00ed komplexn\u00ed nab\u00eddky slu\u017eeb v oblasti oken a okenn\u00edch syst\u00e9m\u016f pro na\u0161e z\u00e1kazn\u00edky. Ji\u017e l\u00e9ta poskytujeme na\u0161im z\u00e1kazn\u00edk\u016fm v\u00fdrobky a slu\u017eby v oblasti oken t\u00e9 nejvy\u0161\u0161\u00ed kvality, kter\u00e9 zaji\u0161\u0165uj\u00ed pohodl\u00ed, estetiku a bezpe\u010dnost v jejich domovech a na pracovi\u0161t\u00edch. N\u00e1\u0161 sortiment &#8211; okna, \u017ealuzie a mnoho dal\u0161\u00edho&#8230;. V&hellip; Pokra\u010dovat ve\u00a0\u010dten\u00ed Kudowa-Zdr\u00f3j","og_url":"https:\/\/www.oslonyokienne.com\/cs\/kudowa-zdroj\/","og_site_name":"Tax and Trade","article_modified_time":"2023-10-26T13:54:30+00:00","twitter_card":"summary_large_image","twitter_misc":{"Odhadovan\u00e1 doba \u010dten\u00ed":"2 minuty"},"schema":{"@context":"https:\/\/schema.org","@graph":[{"@type":"WebPage","@id":"https:\/\/www.oslonyokienne.com\/cs\/kudowa-zdroj\/","url":"https:\/\/www.oslonyokienne.com\/cs\/kudowa-zdroj\/","name":"Kudowa-Zdr\u00f3j - Tax and Trade","isPartOf":{"@id":"https:\/\/www.oslonyokienne.com\/cs\/#website"},"datePublished":"2023-10-24T10:34:13+00:00","dateModified":"2023-10-26T13:54:30+00:00","breadcrumb":{"@id":"https:\/\/www.oslonyokienne.com\/cs\/kudowa-zdroj\/#breadcrumb"},"inLanguage":"cs","potentialAction":[{"@type":"ReadAction","target":["https:\/\/www.oslonyokienne.com\/cs\/kudowa-zdroj\/"]}]},{"@type":"BreadcrumbList","@id":"https:\/\/www.oslonyokienne.com\/cs\/kudowa-zdroj\/#breadcrumb","itemListElement":[{"@type":"ListItem","position":1,"name":"Strona g\u0142\u00f3wna","item":"https:\/\/www.oslonyokienne.com\/cs\/"},{"@type":"ListItem","position":2,"name":"Kudowa-Zdr\u00f3j"}]},{"@type":"WebSite","@id":"https:\/\/www.oslonyokienne.com\/cs\/#website","url":"https:\/\/www.oslonyokienne.com\/cs\/","name":"Tax and Trade","description":"","publisher":{"@id":"https:\/\/www.oslonyokienne.com\/cs\/#organization"},"potentialAction":[{"@type":"SearchAction","target":{"@type":"EntryPoint","urlTemplate":"https:\/\/www.oslonyokienne.com\/cs\/?s={search_term_string}"},"query-input":"required name=search_term_string"}],"inLanguage":"cs"},{"@type":"Organization","@id":"https:\/\/www.oslonyokienne.com\/cs\/#organization","name":"Tax and Trade","url":"https:\/\/www.oslonyokienne.com\/cs\/","logo":{"@type":"ImageObject","inLanguage":"cs","@id":"https:\/\/www.oslonyokienne.com\/cs\/#\/schema\/logo\/image\/","url":"https:\/\/www.oslonyokienne.com\/wp-content\/uploads\/2021\/11\/logo.png","contentUrl":"https:\/\/www.oslonyokienne.com\/wp-content\/uploads\/2021\/11\/logo.png","width":255,"height":59,"caption":"Tax and Trade"},"image":{"@id":"https:\/\/www.oslonyokienne.com\/cs\/#\/schema\/logo\/image\/"}}]}},"_links":{"self":[{"href":"https:\/\/www.oslonyokienne.com\/cs\/wp-json\/wp\/v2\/pages\/483","targetHints":{"allow":["GET"]}}],"collection":[{"href":"https:\/\/www.oslonyokienne.com\/cs\/wp-json\/wp\/v2\/pages"}],"about":[{"href":"https:\/\/www.oslonyokienne.com\/cs\/wp-json\/wp\/v2\/types\/page"}],"author":[{"embeddable":true,"href":"https:\/\/www.oslonyokienne.com\/cs\/wp-json\/wp\/v2\/users\/1"}],"replies":[{"embeddable":true,"href":"https:\/\/www.oslonyokienne.com\/cs\/wp-json\/wp\/v2\/comments?post=483"}],"version-history":[{"count":3,"href":"https:\/\/www.oslonyokienne.com\/cs\/wp-json\/wp\/v2\/pages\/483\/revisions"}],"predecessor-version":[{"id":492,"href":"https:\/\/www.oslonyokienne.com\/cs\/wp-json\/wp\/v2\/pages\/483\/revisions\/492"}],"wp:attachment":[{"href":"https:\/\/www.oslonyokienne.com\/cs\/wp-json\/wp\/v2\/media?parent=483"}],"curies":[{"name":"wp","href":"https:\/\/api.w.org\/{rel}","templated":true}]}}