{"id":445,"date":"2021-11-18T13:22:58","date_gmt":"2021-11-18T12:22:58","guid":{"rendered":"https:\/\/www.oslonyokienne.com\/strona-glowna\/"},"modified":"2024-02-09T09:14:03","modified_gmt":"2024-02-09T08:14:03","slug":"strona-glowna","status":"publish","type":"page","link":"https:\/\/www.oslonyokienne.com\/cs\/","title":{"rendered":"Domovsk\u00e1 str\u00e1nka"},"content":{"rendered":"\n<div class=\"wp-block-group about-wrap-layout3 container\"><div class=\"wp-block-group__inner-container is-layout-flow wp-block-group-is-layout-flow\">\n<div class=\"wp-block-group\"><div class=\"wp-block-group__inner-container is-layout-flow wp-block-group-is-layout-flow\">\n<div class=\"wp-block-columns is-layout-flex wp-container-core-columns-is-layout-9d6595d7 wp-block-columns-is-layout-flex\">\n<div class=\"wp-block-column is-layout-flow wp-block-column-is-layout-flow\">\n<figure class=\"wp-block-image size-full\"><img loading=\"lazy\" decoding=\"async\" width=\"571\" height=\"415\" src=\"\/wp-content\/uploads\/2021\/11\/okno.png\" alt=\"Okno-uchylne\" class=\"wp-image-38\" srcset=\"https:\/\/www.oslonyokienne.com\/wp-content\/uploads\/2021\/11\/okno.png 571w, https:\/\/www.oslonyokienne.com\/wp-content\/uploads\/2021\/11\/okno-300x218.png 300w\" sizes=\"auto, (max-width: 571px) 100vw, 571px\" \/><\/figure>\n\n\n\n<p><\/p>\n<\/div>\n\n\n\n<div class=\"wp-block-column about-box-content padd is-layout-flow wp-block-column-is-layout-flow\">\n<h2 class=\"wp-block-heading\" id=\"nasza-firma-zajmuje-sie-doradztwem-sprzedaza-i-montazem\">Na\u0161e spole\u010dnost poskytuje poradenstv\u00ed, prodej a instalaci<\/h2>\n\n\n\n<div style=\"height:20px\" aria-hidden=\"true\" class=\"wp-block-spacer\"><\/div>\n\n\n\n<p>Na\u0161e spole\u010dnost se ji\u017e mnoho let zab\u00fdv\u00e1 poradenstv\u00edm, prodejem a mont\u00e1\u017e\u00ed rolet, s\u00edt\u00ed proti hmyzu, \u017ealuzi\u00ed a rolet do oken, jako\u017e i oken, dve\u0159\u00ed a dal\u0161\u00edch vysoce kvalitn\u00edch dopl\u0148k\u016f. Spl\u0148ujeme nejvy\u0161\u0161\u00ed standardy slu\u017eeb a kvality nab\u00edzen\u00fdch \u0159e\u0161en\u00ed. V na\u0161\u00ed nab\u00eddce najdete okenn\u00ed clony, kter\u00e9 krom\u011b sv\u00e9 funk\u010dnosti poskytnou m\u00edstnostem, v nich\u017e budou pou\u017eity, i skv\u011bl\u00e9 estetick\u00e9 vlastnosti.<\/p>\n<\/div>\n<\/div>\n<\/div><\/div>\n\n\n\n<div class=\"wp-block-group\"><div class=\"wp-block-group__inner-container is-layout-flow wp-block-group-is-layout-flow\">\n<div class=\"wp-block-columns is-layout-flex wp-container-core-columns-is-layout-9d6595d7 wp-block-columns-is-layout-flex\">\n<div class=\"wp-block-column order-lg-1 padd is-layout-flow wp-block-column-is-layout-flow\">\n<div style=\"height:20px\" aria-hidden=\"true\" class=\"wp-block-spacer\"><\/div>\n\n\n\n<p><strong>Realizovali jsme v\u00edce ne\u017e 1 200 projekt\u016f a n\u00e1\u0161 t\u00fdm tvo\u0159\u00ed 5 zku\u0161en\u00fdch profesion\u00e1l\u016f, kte\u0159\u00ed se vyzna\u010duj\u00ed preciznost\u00ed. Z v\u00fdsledk\u016f na\u0161\u00ed pr\u00e1ce se t\u011b\u0161\u00ed 950 spokojen\u00fdch z\u00e1kazn\u00edk\u016f.<\/strong><\/p>\n\n\n\n<div style=\"height:20px\" aria-hidden=\"true\" class=\"wp-block-spacer\"><\/div>\n\n\n\n<p>D\u00edky na\u0161emu dlouholet\u00e9mu p\u016fsoben\u00ed na trhu pat\u0159\u00edme k l\u00eddr\u016fm v oblasti mont\u00e1\u017ee oken pro dom\u00e1cnosti a firmy. M\u00e1me 12 let zku\u0161enost\u00ed, kter\u00e9 sd\u00edl\u00edme s na\u0161imi z\u00e1kazn\u00edky. Dr\u017e\u00edme krok s nejnov\u011bj\u0161\u00edmi technologick\u00fdmi \u0159e\u0161en\u00edmi, co\u017e n\u00e1m umo\u017e\u0148uje nab\u00eddnout v\u00e1m ta nejlep\u0161\u00ed \u0159e\u0161en\u00ed.<a href=\"https:\/\/www.oslonyokienne.com\/cs\/o-firmie\/\"><\/a><\/p>\n\n\n\n<div style=\"height:20px\" aria-hidden=\"true\" class=\"wp-block-spacer\"><\/div>\n\n\n\n<div class=\"wp-block-buttons is-layout-flex wp-block-buttons-is-layout-flex\">\n<div class=\"wp-block-button ghost-btn-xl primary-border text-Primary mg-t-15\"><a class=\"wp-block-button__link wp-element-button\" href=\"https:\/\/www.oslonyokienne.com\/cs\/o-firmie\/\" rel=\"\">O spole\u010dnosti<\/a><\/div>\n<\/div>\n<\/div>\n\n\n\n<div class=\"wp-block-column order-lg-2 is-layout-flow wp-block-column-is-layout-flow\">\n<figure class=\"wp-block-image size-full\"><img loading=\"lazy\" decoding=\"async\" width=\"571\" height=\"415\" src=\"\/wp-content\/uploads\/2021\/11\/roleta.png\" alt=\"roleta-okienna\" class=\"wp-image-39\" srcset=\"https:\/\/www.oslonyokienne.com\/wp-content\/uploads\/2021\/11\/roleta.png 571w, https:\/\/www.oslonyokienne.com\/wp-content\/uploads\/2021\/11\/roleta-300x218.png 300w\" sizes=\"auto, (max-width: 571px) 100vw, 571px\" \/><\/figure>\n<\/div>\n<\/div>\n<\/div><\/div>\n<\/div><\/div>\n","protected":false},"excerpt":{"rendered":"<p>Na\u0161e spole\u010dnost poskytuje poradenstv\u00ed, prodej a instalaci Na\u0161e spole\u010dnost se ji\u017e mnoho let zab\u00fdv\u00e1 poradenstv\u00edm, prodejem a mont\u00e1\u017e\u00ed rolet, s\u00edt\u00ed proti hmyzu, \u017ealuzi\u00ed a rolet do oken, jako\u017e i oken, dve\u0159\u00ed a dal\u0161\u00edch vysoce kvalitn\u00edch dopl\u0148k\u016f. Spl\u0148ujeme nejvy\u0161\u0161\u00ed standardy slu\u017eeb a kvality nab\u00edzen\u00fdch \u0159e\u0161en\u00ed. V na\u0161\u00ed nab\u00eddce najdete okenn\u00ed clony, kter\u00e9 krom\u011b sv\u00e9 funk\u010dnosti poskytnou&hellip; <a class=\"more-link\" href=\"https:\/\/www.oslonyokienne.com\/cs\/\">Pokra\u010dovat ve\u00a0\u010dten\u00ed <span class=\"screen-reader-text\">Domovsk\u00e1 str\u00e1nka<\/span><\/a><\/p>\n","protected":false},"author":1,"featured_media":0,"parent":0,"menu_order":0,"comment_status":"closed","ping_status":"closed","template":"homepage.php","meta":{"footnotes":""},"class_list":["post-445","page","type-page","status-publish","hentry","entry"],"yoast_head":"<!-- This site is optimized with the Yoast SEO plugin v21.9.1 - https:\/\/yoast.com\/wordpress\/plugins\/seo\/ -->\n<title>Rolety na M\u00edru \/ Prodej \/ Mont\u00e1\u017e - K\u0142odzko \/ Nowa Ruda \/ Kotlina K\u0142odzka - Tax and Trade<\/title>\n<meta name=\"description\" content=\"Zm\u011b\u0148te s n\u00e1mi sv\u00e9 interi\u00e9ry! Poskytujeme nejen okna, ale tak\u00e9 komfort a eleganci. Objevte na\u0161i nab\u00eddku oken a z\u00edskejte novou kvalitu \u017eivota!\" \/>\n<meta name=\"robots\" content=\"index, follow, max-snippet:-1, max-image-preview:large, max-video-preview:-1\" \/>\n<link rel=\"canonical\" href=\"https:\/\/www.oslonyokienne.com\/cs\/\" \/>\n<meta property=\"og:locale\" content=\"cs_CZ\" \/>\n<meta property=\"og:type\" content=\"article\" \/>\n<meta property=\"og:title\" content=\"Rolety na M\u00edru \/ Prodej \/ Mont\u00e1\u017e - K\u0142odzko \/ Nowa Ruda \/ Kotlina K\u0142odzka - Tax and Trade\" \/>\n<meta property=\"og:description\" content=\"Zm\u011b\u0148te s n\u00e1mi sv\u00e9 interi\u00e9ry! Poskytujeme nejen okna, ale tak\u00e9 komfort a eleganci. Objevte na\u0161i nab\u00eddku oken a z\u00edskejte novou kvalitu \u017eivota!\" \/>\n<meta property=\"og:url\" content=\"https:\/\/www.oslonyokienne.com\/cs\/\" \/>\n<meta property=\"og:site_name\" content=\"Tax and Trade\" \/>\n<meta property=\"article:modified_time\" content=\"2024-02-09T08:14:03+00:00\" \/>\n<meta name=\"twitter:card\" content=\"summary_large_image\" \/>\n<meta name=\"twitter:label1\" content=\"Odhadovan\u00e1 doba \u010dten\u00ed\" \/>\n\t<meta name=\"twitter:data1\" content=\"1 minuta\" \/>\n<script type=\"application\/ld+json\" class=\"yoast-schema-graph\">{\"@context\":\"https:\/\/schema.org\",\"@graph\":[{\"@type\":\"WebPage\",\"@id\":\"https:\/\/www.oslonyokienne.com\/cs\/\",\"url\":\"https:\/\/www.oslonyokienne.com\/cs\/\",\"name\":\"Rolety na M\u00edru \/ Prodej \/ Mont\u00e1\u017e - K\u0142odzko \/ Nowa Ruda \/ Kotlina K\u0142odzka - Tax and Trade\",\"isPartOf\":{\"@id\":\"https:\/\/www.oslonyokienne.com\/cs\/#website\"},\"datePublished\":\"2021-11-18T12:22:58+00:00\",\"dateModified\":\"2024-02-09T08:14:03+00:00\",\"description\":\"Zm\u011b\u0148te s n\u00e1mi sv\u00e9 interi\u00e9ry! Poskytujeme nejen okna, ale tak\u00e9 komfort a eleganci. Objevte na\u0161i nab\u00eddku oken a z\u00edskejte novou kvalitu \u017eivota!\",\"breadcrumb\":{\"@id\":\"https:\/\/www.oslonyokienne.com\/cs\/#breadcrumb\"},\"inLanguage\":\"cs\",\"potentialAction\":[{\"@type\":\"ReadAction\",\"target\":[\"https:\/\/www.oslonyokienne.com\/cs\/\"]}]},{\"@type\":\"BreadcrumbList\",\"@id\":\"https:\/\/www.oslonyokienne.com\/cs\/#breadcrumb\",\"itemListElement\":[{\"@type\":\"ListItem\",\"position\":1,\"name\":\"Strona g\u0142\u00f3wna\",\"item\":\"https:\/\/www.oslonyokienne.com\/cs\/\"},{\"@type\":\"ListItem\",\"position\":2,\"name\":\"Domovsk\u00e1 str\u00e1nka\"}]},{\"@type\":\"WebSite\",\"@id\":\"https:\/\/www.oslonyokienne.com\/cs\/#website\",\"url\":\"https:\/\/www.oslonyokienne.com\/cs\/\",\"name\":\"Tax and Trade\",\"description\":\"\",\"publisher\":{\"@id\":\"https:\/\/www.oslonyokienne.com\/cs\/#organization\"},\"potentialAction\":[{\"@type\":\"SearchAction\",\"target\":{\"@type\":\"EntryPoint\",\"urlTemplate\":\"https:\/\/www.oslonyokienne.com\/cs\/?s={search_term_string}\"},\"query-input\":\"required name=search_term_string\"}],\"inLanguage\":\"cs\"},{\"@type\":\"Organization\",\"@id\":\"https:\/\/www.oslonyokienne.com\/cs\/#organization\",\"name\":\"Tax and Trade\",\"url\":\"https:\/\/www.oslonyokienne.com\/cs\/\",\"logo\":{\"@type\":\"ImageObject\",\"inLanguage\":\"cs\",\"@id\":\"https:\/\/www.oslonyokienne.com\/cs\/#\/schema\/logo\/image\/\",\"url\":\"https:\/\/www.oslonyokienne.com\/wp-content\/uploads\/2021\/11\/logo.png\",\"contentUrl\":\"https:\/\/www.oslonyokienne.com\/wp-content\/uploads\/2021\/11\/logo.png\",\"width\":255,\"height\":59,\"caption\":\"Tax and Trade\"},\"image\":{\"@id\":\"https:\/\/www.oslonyokienne.com\/cs\/#\/schema\/logo\/image\/\"}}]}<\/script>\n<!-- \/ Yoast SEO plugin. -->","yoast_head_json":{"title":"Rolety na M\u00edru \/ Prodej \/ Mont\u00e1\u017e - K\u0142odzko \/ Nowa Ruda \/ Kotlina K\u0142odzka - Tax and Trade","description":"Zm\u011b\u0148te s n\u00e1mi sv\u00e9 interi\u00e9ry! Poskytujeme nejen okna, ale tak\u00e9 komfort a eleganci. Objevte na\u0161i nab\u00eddku oken a z\u00edskejte novou kvalitu \u017eivota!","robots":{"index":"index","follow":"follow","max-snippet":"max-snippet:-1","max-image-preview":"max-image-preview:large","max-video-preview":"max-video-preview:-1"},"canonical":"https:\/\/www.oslonyokienne.com\/cs\/","og_locale":"cs_CZ","og_type":"article","og_title":"Rolety na M\u00edru \/ Prodej \/ Mont\u00e1\u017e - K\u0142odzko \/ Nowa Ruda \/ Kotlina K\u0142odzka - Tax and Trade","og_description":"Zm\u011b\u0148te s n\u00e1mi sv\u00e9 interi\u00e9ry! Poskytujeme nejen okna, ale tak\u00e9 komfort a eleganci. Objevte na\u0161i nab\u00eddku oken a z\u00edskejte novou kvalitu \u017eivota!","og_url":"https:\/\/www.oslonyokienne.com\/cs\/","og_site_name":"Tax and Trade","article_modified_time":"2024-02-09T08:14:03+00:00","twitter_card":"summary_large_image","twitter_misc":{"Odhadovan\u00e1 doba \u010dten\u00ed":"1 minuta"},"schema":{"@context":"https:\/\/schema.org","@graph":[{"@type":"WebPage","@id":"https:\/\/www.oslonyokienne.com\/cs\/","url":"https:\/\/www.oslonyokienne.com\/cs\/","name":"Rolety na M\u00edru \/ Prodej \/ Mont\u00e1\u017e - K\u0142odzko \/ Nowa Ruda \/ Kotlina K\u0142odzka - Tax and Trade","isPartOf":{"@id":"https:\/\/www.oslonyokienne.com\/cs\/#website"},"datePublished":"2021-11-18T12:22:58+00:00","dateModified":"2024-02-09T08:14:03+00:00","description":"Zm\u011b\u0148te s n\u00e1mi sv\u00e9 interi\u00e9ry! Poskytujeme nejen okna, ale tak\u00e9 komfort a eleganci. Objevte na\u0161i nab\u00eddku oken a z\u00edskejte novou kvalitu \u017eivota!","breadcrumb":{"@id":"https:\/\/www.oslonyokienne.com\/cs\/#breadcrumb"},"inLanguage":"cs","potentialAction":[{"@type":"ReadAction","target":["https:\/\/www.oslonyokienne.com\/cs\/"]}]},{"@type":"BreadcrumbList","@id":"https:\/\/www.oslonyokienne.com\/cs\/#breadcrumb","itemListElement":[{"@type":"ListItem","position":1,"name":"Strona g\u0142\u00f3wna","item":"https:\/\/www.oslonyokienne.com\/cs\/"},{"@type":"ListItem","position":2,"name":"Domovsk\u00e1 str\u00e1nka"}]},{"@type":"WebSite","@id":"https:\/\/www.oslonyokienne.com\/cs\/#website","url":"https:\/\/www.oslonyokienne.com\/cs\/","name":"Tax and Trade","description":"","publisher":{"@id":"https:\/\/www.oslonyokienne.com\/cs\/#organization"},"potentialAction":[{"@type":"SearchAction","target":{"@type":"EntryPoint","urlTemplate":"https:\/\/www.oslonyokienne.com\/cs\/?s={search_term_string}"},"query-input":"required name=search_term_string"}],"inLanguage":"cs"},{"@type":"Organization","@id":"https:\/\/www.oslonyokienne.com\/cs\/#organization","name":"Tax and Trade","url":"https:\/\/www.oslonyokienne.com\/cs\/","logo":{"@type":"ImageObject","inLanguage":"cs","@id":"https:\/\/www.oslonyokienne.com\/cs\/#\/schema\/logo\/image\/","url":"https:\/\/www.oslonyokienne.com\/wp-content\/uploads\/2021\/11\/logo.png","contentUrl":"https:\/\/www.oslonyokienne.com\/wp-content\/uploads\/2021\/11\/logo.png","width":255,"height":59,"caption":"Tax and Trade"},"image":{"@id":"https:\/\/www.oslonyokienne.com\/cs\/#\/schema\/logo\/image\/"}}]}},"_links":{"self":[{"href":"https:\/\/www.oslonyokienne.com\/cs\/wp-json\/wp\/v2\/pages\/445","targetHints":{"allow":["GET"]}}],"collection":[{"href":"https:\/\/www.oslonyokienne.com\/cs\/wp-json\/wp\/v2\/pages"}],"about":[{"href":"https:\/\/www.oslonyokienne.com\/cs\/wp-json\/wp\/v2\/types\/page"}],"author":[{"embeddable":true,"href":"https:\/\/www.oslonyokienne.com\/cs\/wp-json\/wp\/v2\/users\/1"}],"replies":[{"embeddable":true,"href":"https:\/\/www.oslonyokienne.com\/cs\/wp-json\/wp\/v2\/comments?post=445"}],"version-history":[{"count":7,"href":"https:\/\/www.oslonyokienne.com\/cs\/wp-json\/wp\/v2\/pages\/445\/revisions"}],"predecessor-version":[{"id":460,"href":"https:\/\/www.oslonyokienne.com\/cs\/wp-json\/wp\/v2\/pages\/445\/revisions\/460"}],"wp:attachment":[{"href":"https:\/\/www.oslonyokienne.com\/cs\/wp-json\/wp\/v2\/media?parent=445"}],"curies":[{"name":"wp","href":"https:\/\/api.w.org\/{rel}","templated":true}]}}