{"id":440,"date":"2021-11-22T11:49:28","date_gmt":"2021-11-22T10:49:28","guid":{"rendered":"https:\/\/www.oslonyokienne.com\/rolety\/"},"modified":"2024-02-09T09:23:17","modified_gmt":"2024-02-09T08:23:17","slug":"rolety","status":"publish","type":"page","link":"https:\/\/www.oslonyokienne.com\/cs\/nabidka\/rolety\/","title":{"rendered":"Rolety"},"content":{"rendered":"\n<p>Ve v\u011bt\u0161in\u011b p\u0159\u00edpad\u016f jsou <strong>vnit\u0159n\u00ed nebo vn\u011bj\u0161\u00ed rolety v<\/strong> domech v <strong>Kotlin\u011b Kladsk\u00e9<\/strong>ji\u017e standardn\u00ed sou\u010d\u00e1st\u00ed stavebn\u00edho procesu. Obdivujeme jejich pohodlnost a \u00fa\u010dinnost. I kdy\u017e m\u00e1 stavba va\u0161eho domu netypick\u00e9 rozm\u011bry oken nebo balkonov\u00fdch dve\u0159\u00ed, nen\u00ed s mont\u00e1\u017e\u00ed rolet \u017e\u00e1dn\u00fd probl\u00e9m, proto\u017ee na\u0161e spole\u010dnost nab\u00edz\u00ed dokonal\u00e9 \u0159e\u0161en\u00ed &#8211; vn\u011bj\u0161\u00ed a vnit\u0159n\u00ed rolety na m\u00edru. Na m\u00edst\u011b u z\u00e1kazn\u00edka provedeme m\u011b\u0159en\u00ed oken a porad\u00edme nejlep\u0161\u00ed \u0159e\u0161en\u00ed. V n\u011bkter\u00fdch p\u0159\u00edpadech se l\u00e9pe osv\u011bd\u010d\u00ed denn\u00ed rolety, v jin\u00fdch \u0159\u00edmsk\u00e9 rolety nebo kazetov\u00e9 \u017ealuzie. Tyto ot\u00e1zky se vyplat\u00ed zv\u00e1\u017eit ji\u017e ve f\u00e1zi n\u00e1vrhu domu, proto\u017ee pr\u00e1v\u011b tehdy lze typ rolet nejl\u00e9pe p\u0159izp\u016fsobit funkci stavby.<\/p>\n\n\n\n<h2 class=\"wp-block-heading\">Vnit\u0159n\u00ed a vn\u011bj\u0161\u00ed rolety v Kotlin\u011b Kladsk\u00e9 &#8211; vyberte si profesion\u00e1ly, kte\u0159\u00ed v\u00e1m pomohou v ka\u017ed\u00e9m kroku projektu.<\/h2>\n\n\n\n<p>Nab\u00edz\u00edme venkovn\u00ed i vnit\u0159n\u00ed rolety a \u0159adu dal\u0161\u00edch produkt\u016f. Jsme univerz\u00e1ln\u00ed dodavatel, kter\u00fd vybere spr\u00e1vn\u00e9 \u0159e\u0161en\u00ed a \u0159\u00edd\u00ed instalaci rolet u z\u00e1kazn\u00edka. Garantujeme specializovan\u00fd t\u00fdm, kter\u00fd profesion\u00e1ln\u011b a rychle nainstaluje jak\u00e9koli rolety, <strong>v\u010detn\u011b denn\u00edch, \u0159\u00edmsk\u00fdch nebo venkovn\u00edch v Nov\u00e9 Rud\u011b a Kladsku<\/strong>.<\/p>\n\n\n\n<p>Krom\u011b toho instalujeme venkovn\u00ed rolety do novostaveb a jsme kompetentn\u00ed v instalaci rolet do st\u00e1vaj\u00edc\u00edch nemovitost\u00ed. Rolety vyb\u00edr\u00e1me individu\u00e1ln\u011b v z\u00e1vislosti na konstrukci a designu budovy, abychom mohli poskytnout co nejprakti\u010dt\u011bj\u0161\u00ed a nejkr\u00e1sn\u011bj\u0161\u00ed \u0159e\u0161en\u00ed. Za zm\u00ednku stoj\u00ed, \u017ee instalace <strong>vnit\u0159n\u00edch a vn\u011bj\u0161\u00edch l\u00e1tkov\u00fdch rolet v kazet\u00e1ch v Kladsku a Nov\u00e9 Rud\u011b<\/strong>m\u016f\u017ee <strong>\u010dasto<\/strong>dodat star\u00fdm budov\u00e1m nov\u00fd a jedine\u010dn\u00fd charakter.<\/p>\n","protected":false},"excerpt":{"rendered":"<p>Ve v\u011bt\u0161in\u011b p\u0159\u00edpad\u016f jsou vnit\u0159n\u00ed nebo vn\u011bj\u0161\u00ed rolety v domech v Kotlin\u011b Kladsk\u00e9ji\u017e standardn\u00ed sou\u010d\u00e1st\u00ed stavebn\u00edho procesu. Obdivujeme jejich pohodlnost a \u00fa\u010dinnost. I kdy\u017e m\u00e1 stavba va\u0161eho domu netypick\u00e9 rozm\u011bry oken nebo balkonov\u00fdch dve\u0159\u00ed, nen\u00ed s mont\u00e1\u017e\u00ed rolet \u017e\u00e1dn\u00fd probl\u00e9m, proto\u017ee na\u0161e spole\u010dnost nab\u00edz\u00ed dokonal\u00e9 \u0159e\u0161en\u00ed &#8211; vn\u011bj\u0161\u00ed a vnit\u0159n\u00ed rolety na m\u00edru. Na m\u00edst\u011b&hellip; <a class=\"more-link\" href=\"https:\/\/www.oslonyokienne.com\/cs\/nabidka\/rolety\/\">Pokra\u010dovat ve\u00a0\u010dten\u00ed <span class=\"screen-reader-text\">Rolety<\/span><\/a><\/p>\n","protected":false},"author":1,"featured_media":0,"parent":443,"menu_order":0,"comment_status":"closed","ping_status":"closed","template":"singleservice.php","meta":{"footnotes":""},"class_list":["post-440","page","type-page","status-publish","hentry","entry"],"yoast_head":"<!-- This site is optimized with the Yoast SEO plugin v21.9.1 - https:\/\/yoast.com\/wordpress\/plugins\/seo\/ -->\n<title>Denn\u00ed a No\u010dn\u00ed Rolety \/ \u0159\u00edmsk\u00fd \/ Mimo \/ Uvnit\u0159 - K\u0142odzko \/ Nowa Ruda \/ Kotlina K\u0142odzka - Tax and Trade<\/title>\n<meta name=\"description\" content=\"Ovl\u00e1dejte sv\u011btlo a soukrom\u00ed s na\u0161imi roletami! Objevte na\u0161i rozmanitou nab\u00eddku rolet a podtrhn\u011bte styl va\u0161eho interi\u00e9ru. Zkontrolovat nyn\u00ed!\" \/>\n<meta name=\"robots\" content=\"index, follow, max-snippet:-1, max-image-preview:large, max-video-preview:-1\" \/>\n<link rel=\"canonical\" href=\"https:\/\/www.oslonyokienne.com\/cs\/nabidka\/rolety\/\" \/>\n<meta property=\"og:locale\" content=\"cs_CZ\" \/>\n<meta property=\"og:type\" content=\"article\" \/>\n<meta property=\"og:title\" content=\"Denn\u00ed a No\u010dn\u00ed Rolety \/ \u0159\u00edmsk\u00fd \/ Mimo \/ Uvnit\u0159 - K\u0142odzko \/ Nowa Ruda \/ Kotlina K\u0142odzka - Tax and Trade\" \/>\n<meta property=\"og:description\" content=\"Ovl\u00e1dejte sv\u011btlo a soukrom\u00ed s na\u0161imi roletami! Objevte na\u0161i rozmanitou nab\u00eddku rolet a podtrhn\u011bte styl va\u0161eho interi\u00e9ru. Zkontrolovat nyn\u00ed!\" \/>\n<meta property=\"og:url\" content=\"https:\/\/www.oslonyokienne.com\/cs\/nabidka\/rolety\/\" \/>\n<meta property=\"og:site_name\" content=\"Tax and Trade\" \/>\n<meta property=\"article:modified_time\" content=\"2024-02-09T08:23:17+00:00\" \/>\n<meta name=\"twitter:card\" content=\"summary_large_image\" \/>\n<meta name=\"twitter:label1\" content=\"Odhadovan\u00e1 doba \u010dten\u00ed\" \/>\n\t<meta name=\"twitter:data1\" content=\"1 minuta\" \/>\n<script type=\"application\/ld+json\" class=\"yoast-schema-graph\">{\"@context\":\"https:\/\/schema.org\",\"@graph\":[{\"@type\":\"WebPage\",\"@id\":\"https:\/\/www.oslonyokienne.com\/cs\/nabidka\/rolety\/\",\"url\":\"https:\/\/www.oslonyokienne.com\/cs\/nabidka\/rolety\/\",\"name\":\"Denn\u00ed a No\u010dn\u00ed Rolety \/ \u0159\u00edmsk\u00fd \/ Mimo \/ Uvnit\u0159 - K\u0142odzko \/ Nowa Ruda \/ Kotlina K\u0142odzka - Tax and Trade\",\"isPartOf\":{\"@id\":\"https:\/\/www.oslonyokienne.com\/cs\/#website\"},\"datePublished\":\"2021-11-22T10:49:28+00:00\",\"dateModified\":\"2024-02-09T08:23:17+00:00\",\"description\":\"Ovl\u00e1dejte sv\u011btlo a soukrom\u00ed s na\u0161imi roletami! Objevte na\u0161i rozmanitou nab\u00eddku rolet a podtrhn\u011bte styl va\u0161eho interi\u00e9ru. Zkontrolovat nyn\u00ed!\",\"breadcrumb\":{\"@id\":\"https:\/\/www.oslonyokienne.com\/cs\/nabidka\/rolety\/#breadcrumb\"},\"inLanguage\":\"cs\",\"potentialAction\":[{\"@type\":\"ReadAction\",\"target\":[\"https:\/\/www.oslonyokienne.com\/cs\/nabidka\/rolety\/\"]}]},{\"@type\":\"BreadcrumbList\",\"@id\":\"https:\/\/www.oslonyokienne.com\/cs\/nabidka\/rolety\/#breadcrumb\",\"itemListElement\":[{\"@type\":\"ListItem\",\"position\":1,\"name\":\"Strona g\u0142\u00f3wna\",\"item\":\"https:\/\/www.oslonyokienne.com\/cs\/\"},{\"@type\":\"ListItem\",\"position\":2,\"name\":\"Nab\u00eddka\",\"item\":\"https:\/\/www.oslonyokienne.com\/cs\/nabidka\/\"},{\"@type\":\"ListItem\",\"position\":3,\"name\":\"Rolety\"}]},{\"@type\":\"WebSite\",\"@id\":\"https:\/\/www.oslonyokienne.com\/cs\/#website\",\"url\":\"https:\/\/www.oslonyokienne.com\/cs\/\",\"name\":\"Tax and Trade\",\"description\":\"\",\"publisher\":{\"@id\":\"https:\/\/www.oslonyokienne.com\/cs\/#organization\"},\"potentialAction\":[{\"@type\":\"SearchAction\",\"target\":{\"@type\":\"EntryPoint\",\"urlTemplate\":\"https:\/\/www.oslonyokienne.com\/cs\/?s={search_term_string}\"},\"query-input\":\"required name=search_term_string\"}],\"inLanguage\":\"cs\"},{\"@type\":\"Organization\",\"@id\":\"https:\/\/www.oslonyokienne.com\/cs\/#organization\",\"name\":\"Tax and Trade\",\"url\":\"https:\/\/www.oslonyokienne.com\/cs\/\",\"logo\":{\"@type\":\"ImageObject\",\"inLanguage\":\"cs\",\"@id\":\"https:\/\/www.oslonyokienne.com\/cs\/#\/schema\/logo\/image\/\",\"url\":\"https:\/\/www.oslonyokienne.com\/wp-content\/uploads\/2021\/11\/logo.png\",\"contentUrl\":\"https:\/\/www.oslonyokienne.com\/wp-content\/uploads\/2021\/11\/logo.png\",\"width\":255,\"height\":59,\"caption\":\"Tax and Trade\"},\"image\":{\"@id\":\"https:\/\/www.oslonyokienne.com\/cs\/#\/schema\/logo\/image\/\"}}]}<\/script>\n<!-- \/ Yoast SEO plugin. -->","yoast_head_json":{"title":"Denn\u00ed a No\u010dn\u00ed Rolety \/ \u0159\u00edmsk\u00fd \/ Mimo \/ Uvnit\u0159 - K\u0142odzko \/ Nowa Ruda \/ Kotlina K\u0142odzka - Tax and Trade","description":"Ovl\u00e1dejte sv\u011btlo a soukrom\u00ed s na\u0161imi roletami! Objevte na\u0161i rozmanitou nab\u00eddku rolet a podtrhn\u011bte styl va\u0161eho interi\u00e9ru. Zkontrolovat nyn\u00ed!","robots":{"index":"index","follow":"follow","max-snippet":"max-snippet:-1","max-image-preview":"max-image-preview:large","max-video-preview":"max-video-preview:-1"},"canonical":"https:\/\/www.oslonyokienne.com\/cs\/nabidka\/rolety\/","og_locale":"cs_CZ","og_type":"article","og_title":"Denn\u00ed a No\u010dn\u00ed Rolety \/ \u0159\u00edmsk\u00fd \/ Mimo \/ Uvnit\u0159 - K\u0142odzko \/ Nowa Ruda \/ Kotlina K\u0142odzka - Tax and Trade","og_description":"Ovl\u00e1dejte sv\u011btlo a soukrom\u00ed s na\u0161imi roletami! Objevte na\u0161i rozmanitou nab\u00eddku rolet a podtrhn\u011bte styl va\u0161eho interi\u00e9ru. Zkontrolovat nyn\u00ed!","og_url":"https:\/\/www.oslonyokienne.com\/cs\/nabidka\/rolety\/","og_site_name":"Tax and Trade","article_modified_time":"2024-02-09T08:23:17+00:00","twitter_card":"summary_large_image","twitter_misc":{"Odhadovan\u00e1 doba \u010dten\u00ed":"1 minuta"},"schema":{"@context":"https:\/\/schema.org","@graph":[{"@type":"WebPage","@id":"https:\/\/www.oslonyokienne.com\/cs\/nabidka\/rolety\/","url":"https:\/\/www.oslonyokienne.com\/cs\/nabidka\/rolety\/","name":"Denn\u00ed a No\u010dn\u00ed Rolety \/ \u0159\u00edmsk\u00fd \/ Mimo \/ Uvnit\u0159 - K\u0142odzko \/ Nowa Ruda \/ Kotlina K\u0142odzka - Tax and Trade","isPartOf":{"@id":"https:\/\/www.oslonyokienne.com\/cs\/#website"},"datePublished":"2021-11-22T10:49:28+00:00","dateModified":"2024-02-09T08:23:17+00:00","description":"Ovl\u00e1dejte sv\u011btlo a soukrom\u00ed s na\u0161imi roletami! Objevte na\u0161i rozmanitou nab\u00eddku rolet a podtrhn\u011bte styl va\u0161eho interi\u00e9ru. Zkontrolovat nyn\u00ed!","breadcrumb":{"@id":"https:\/\/www.oslonyokienne.com\/cs\/nabidka\/rolety\/#breadcrumb"},"inLanguage":"cs","potentialAction":[{"@type":"ReadAction","target":["https:\/\/www.oslonyokienne.com\/cs\/nabidka\/rolety\/"]}]},{"@type":"BreadcrumbList","@id":"https:\/\/www.oslonyokienne.com\/cs\/nabidka\/rolety\/#breadcrumb","itemListElement":[{"@type":"ListItem","position":1,"name":"Strona g\u0142\u00f3wna","item":"https:\/\/www.oslonyokienne.com\/cs\/"},{"@type":"ListItem","position":2,"name":"Nab\u00eddka","item":"https:\/\/www.oslonyokienne.com\/cs\/nabidka\/"},{"@type":"ListItem","position":3,"name":"Rolety"}]},{"@type":"WebSite","@id":"https:\/\/www.oslonyokienne.com\/cs\/#website","url":"https:\/\/www.oslonyokienne.com\/cs\/","name":"Tax and Trade","description":"","publisher":{"@id":"https:\/\/www.oslonyokienne.com\/cs\/#organization"},"potentialAction":[{"@type":"SearchAction","target":{"@type":"EntryPoint","urlTemplate":"https:\/\/www.oslonyokienne.com\/cs\/?s={search_term_string}"},"query-input":"required name=search_term_string"}],"inLanguage":"cs"},{"@type":"Organization","@id":"https:\/\/www.oslonyokienne.com\/cs\/#organization","name":"Tax and Trade","url":"https:\/\/www.oslonyokienne.com\/cs\/","logo":{"@type":"ImageObject","inLanguage":"cs","@id":"https:\/\/www.oslonyokienne.com\/cs\/#\/schema\/logo\/image\/","url":"https:\/\/www.oslonyokienne.com\/wp-content\/uploads\/2021\/11\/logo.png","contentUrl":"https:\/\/www.oslonyokienne.com\/wp-content\/uploads\/2021\/11\/logo.png","width":255,"height":59,"caption":"Tax and Trade"},"image":{"@id":"https:\/\/www.oslonyokienne.com\/cs\/#\/schema\/logo\/image\/"}}]}},"_links":{"self":[{"href":"https:\/\/www.oslonyokienne.com\/cs\/wp-json\/wp\/v2\/pages\/440","targetHints":{"allow":["GET"]}}],"collection":[{"href":"https:\/\/www.oslonyokienne.com\/cs\/wp-json\/wp\/v2\/pages"}],"about":[{"href":"https:\/\/www.oslonyokienne.com\/cs\/wp-json\/wp\/v2\/types\/page"}],"author":[{"embeddable":true,"href":"https:\/\/www.oslonyokienne.com\/cs\/wp-json\/wp\/v2\/users\/1"}],"replies":[{"embeddable":true,"href":"https:\/\/www.oslonyokienne.com\/cs\/wp-json\/wp\/v2\/comments?post=440"}],"version-history":[{"count":2,"href":"https:\/\/www.oslonyokienne.com\/cs\/wp-json\/wp\/v2\/pages\/440\/revisions"}],"predecessor-version":[{"id":563,"href":"https:\/\/www.oslonyokienne.com\/cs\/wp-json\/wp\/v2\/pages\/440\/revisions\/563"}],"up":[{"embeddable":true,"href":"https:\/\/www.oslonyokienne.com\/cs\/wp-json\/wp\/v2\/pages\/443"}],"wp:attachment":[{"href":"https:\/\/www.oslonyokienne.com\/cs\/wp-json\/wp\/v2\/media?parent=440"}],"curies":[{"name":"wp","href":"https:\/\/api.w.org\/{rel}","templated":true}]}}