{"id":438,"date":"2021-12-08T09:57:01","date_gmt":"2021-12-08T08:57:01","guid":{"rendered":"https:\/\/www.oslonyokienne.com\/moskitiery\/"},"modified":"2024-02-09T09:25:21","modified_gmt":"2024-02-09T08:25:21","slug":"site-proti-komarum","status":"publish","type":"page","link":"https:\/\/www.oslonyokienne.com\/cs\/nabidka\/site-proti-komarum\/","title":{"rendered":"S\u00edt\u011b proti kom\u00e1r\u016fm"},"content":{"rendered":"\n<h2 class=\"wp-block-heading\">Moskyti\u00e9ry v Kotlin\u011b Kladsk\u00e9? Tax and Trade nab\u00edz\u00ed vynikaj\u00edc\u00ed \u0159e\u0161en\u00ed pro va\u0161e okna<\/h2>\n\n\n\n<p>Ka\u017ed\u00fd zn\u00e1 probl\u00e9m s otravn\u00fdm hmyzem, kter\u00fd se dostane dovnit\u0159 a ru\u0161\u00ed n\u00e1\u0161 klid. \u0160t\u00edpaj\u00edc\u00ed kom\u00e1\u0159i, mouchy bzu\u010d\u00edc\u00ed v noci, ovocn\u00e9 mu\u0161ky a vosy \u00fato\u010d\u00edc\u00ed na j\u00eddlo v kuchyni nebo na stole &#8211; ka\u017ed\u00fd z t\u011bchto druh\u016f hmyzu naru\u0161uje n\u00e1\u0161 klid. Existuje zp\u016fsob, jak se tohoto probl\u00e9mu zbavit bez pou\u017eit\u00ed chemick\u00fdch prost\u0159edk\u016f, kter\u00e9 jsou sice \u00fa\u010dinn\u00e9, ale mohou se podepsat na na\u0161em zdrav\u00ed?<\/p>\n","protected":false},"excerpt":{"rendered":"<p>Moskyti\u00e9ry v Kotlin\u011b Kladsk\u00e9? Tax and Trade nab\u00edz\u00ed vynikaj\u00edc\u00ed \u0159e\u0161en\u00ed pro va\u0161e okna Ka\u017ed\u00fd zn\u00e1 probl\u00e9m s otravn\u00fdm hmyzem, kter\u00fd se dostane dovnit\u0159 a ru\u0161\u00ed n\u00e1\u0161 klid. \u0160t\u00edpaj\u00edc\u00ed kom\u00e1\u0159i, mouchy bzu\u010d\u00edc\u00ed v noci, ovocn\u00e9 mu\u0161ky a vosy \u00fato\u010d\u00edc\u00ed na j\u00eddlo v kuchyni nebo na stole &#8211; ka\u017ed\u00fd z t\u011bchto druh\u016f hmyzu naru\u0161uje n\u00e1\u0161 klid. Existuje&hellip; <a class=\"more-link\" href=\"https:\/\/www.oslonyokienne.com\/cs\/nabidka\/site-proti-komarum\/\">Pokra\u010dovat ve\u00a0\u010dten\u00ed <span class=\"screen-reader-text\">S\u00edt\u011b proti kom\u00e1r\u016fm<\/span><\/a><\/p>\n","protected":false},"author":1,"featured_media":0,"parent":443,"menu_order":0,"comment_status":"closed","ping_status":"closed","template":"singleservice.php","meta":{"footnotes":""},"class_list":["post-438","page","type-page","status-publish","hentry","entry"],"yoast_head":"<!-- This site is optimized with the Yoast SEO plugin v21.9.1 - https:\/\/yoast.com\/wordpress\/plugins\/seo\/ -->\n<title>R\u00e1mov\u00e9 S\u00edt\u011b Proti Hmyzu \/ Dve\u0159e a na Zip - K\u0142odzko \/ Nowa Ruda \/ Kotlina K\u0142odzka - Tax and Trade<\/title>\n<meta name=\"description\" content=\"Ochrana proti hmyzu bez kompromis\u016f! Vyberte si na\u0161e moskyti\u00e9ry a u\u017eijte si klid ve sv\u00e9m domov\u011b. Objevte na\u0161i nab\u00eddku hned te\u010f!\" \/>\n<meta name=\"robots\" content=\"index, follow, max-snippet:-1, max-image-preview:large, max-video-preview:-1\" \/>\n<link rel=\"canonical\" href=\"https:\/\/www.oslonyokienne.com\/cs\/nabidka\/site-proti-komarum\/\" \/>\n<meta property=\"og:locale\" content=\"cs_CZ\" \/>\n<meta property=\"og:type\" content=\"article\" \/>\n<meta property=\"og:title\" content=\"R\u00e1mov\u00e9 S\u00edt\u011b Proti Hmyzu \/ Dve\u0159e a na Zip - K\u0142odzko \/ Nowa Ruda \/ Kotlina K\u0142odzka - Tax and Trade\" \/>\n<meta property=\"og:description\" content=\"Ochrana proti hmyzu bez kompromis\u016f! Vyberte si na\u0161e moskyti\u00e9ry a u\u017eijte si klid ve sv\u00e9m domov\u011b. Objevte na\u0161i nab\u00eddku hned te\u010f!\" \/>\n<meta property=\"og:url\" content=\"https:\/\/www.oslonyokienne.com\/cs\/nabidka\/site-proti-komarum\/\" \/>\n<meta property=\"og:site_name\" content=\"Tax and Trade\" \/>\n<meta property=\"article:modified_time\" content=\"2024-02-09T08:25:21+00:00\" \/>\n<meta name=\"twitter:card\" content=\"summary_large_image\" \/>\n<meta name=\"twitter:label1\" content=\"Odhadovan\u00e1 doba \u010dten\u00ed\" \/>\n\t<meta name=\"twitter:data1\" content=\"1 minuta\" \/>\n<script type=\"application\/ld+json\" class=\"yoast-schema-graph\">{\"@context\":\"https:\/\/schema.org\",\"@graph\":[{\"@type\":\"WebPage\",\"@id\":\"https:\/\/www.oslonyokienne.com\/cs\/nabidka\/site-proti-komarum\/\",\"url\":\"https:\/\/www.oslonyokienne.com\/cs\/nabidka\/site-proti-komarum\/\",\"name\":\"R\u00e1mov\u00e9 S\u00edt\u011b Proti Hmyzu \/ Dve\u0159e a na Zip - K\u0142odzko \/ Nowa Ruda \/ Kotlina K\u0142odzka - Tax and Trade\",\"isPartOf\":{\"@id\":\"https:\/\/www.oslonyokienne.com\/cs\/#website\"},\"datePublished\":\"2021-12-08T08:57:01+00:00\",\"dateModified\":\"2024-02-09T08:25:21+00:00\",\"description\":\"Ochrana proti hmyzu bez kompromis\u016f! Vyberte si na\u0161e moskyti\u00e9ry a u\u017eijte si klid ve sv\u00e9m domov\u011b. Objevte na\u0161i nab\u00eddku hned te\u010f!\",\"breadcrumb\":{\"@id\":\"https:\/\/www.oslonyokienne.com\/cs\/nabidka\/site-proti-komarum\/#breadcrumb\"},\"inLanguage\":\"cs\",\"potentialAction\":[{\"@type\":\"ReadAction\",\"target\":[\"https:\/\/www.oslonyokienne.com\/cs\/nabidka\/site-proti-komarum\/\"]}]},{\"@type\":\"BreadcrumbList\",\"@id\":\"https:\/\/www.oslonyokienne.com\/cs\/nabidka\/site-proti-komarum\/#breadcrumb\",\"itemListElement\":[{\"@type\":\"ListItem\",\"position\":1,\"name\":\"Strona g\u0142\u00f3wna\",\"item\":\"https:\/\/www.oslonyokienne.com\/cs\/\"},{\"@type\":\"ListItem\",\"position\":2,\"name\":\"Nab\u00eddka\",\"item\":\"https:\/\/www.oslonyokienne.com\/cs\/nabidka\/\"},{\"@type\":\"ListItem\",\"position\":3,\"name\":\"S\u00edt\u011b proti kom\u00e1r\u016fm\"}]},{\"@type\":\"WebSite\",\"@id\":\"https:\/\/www.oslonyokienne.com\/cs\/#website\",\"url\":\"https:\/\/www.oslonyokienne.com\/cs\/\",\"name\":\"Tax and Trade\",\"description\":\"\",\"publisher\":{\"@id\":\"https:\/\/www.oslonyokienne.com\/cs\/#organization\"},\"potentialAction\":[{\"@type\":\"SearchAction\",\"target\":{\"@type\":\"EntryPoint\",\"urlTemplate\":\"https:\/\/www.oslonyokienne.com\/cs\/?s={search_term_string}\"},\"query-input\":\"required name=search_term_string\"}],\"inLanguage\":\"cs\"},{\"@type\":\"Organization\",\"@id\":\"https:\/\/www.oslonyokienne.com\/cs\/#organization\",\"name\":\"Tax and Trade\",\"url\":\"https:\/\/www.oslonyokienne.com\/cs\/\",\"logo\":{\"@type\":\"ImageObject\",\"inLanguage\":\"cs\",\"@id\":\"https:\/\/www.oslonyokienne.com\/cs\/#\/schema\/logo\/image\/\",\"url\":\"https:\/\/www.oslonyokienne.com\/wp-content\/uploads\/2021\/11\/logo.png\",\"contentUrl\":\"https:\/\/www.oslonyokienne.com\/wp-content\/uploads\/2021\/11\/logo.png\",\"width\":255,\"height\":59,\"caption\":\"Tax and Trade\"},\"image\":{\"@id\":\"https:\/\/www.oslonyokienne.com\/cs\/#\/schema\/logo\/image\/\"}}]}<\/script>\n<!-- \/ Yoast SEO plugin. -->","yoast_head_json":{"title":"R\u00e1mov\u00e9 S\u00edt\u011b Proti Hmyzu \/ Dve\u0159e a na Zip - K\u0142odzko \/ Nowa Ruda \/ Kotlina K\u0142odzka - Tax and Trade","description":"Ochrana proti hmyzu bez kompromis\u016f! Vyberte si na\u0161e moskyti\u00e9ry a u\u017eijte si klid ve sv\u00e9m domov\u011b. Objevte na\u0161i nab\u00eddku hned te\u010f!","robots":{"index":"index","follow":"follow","max-snippet":"max-snippet:-1","max-image-preview":"max-image-preview:large","max-video-preview":"max-video-preview:-1"},"canonical":"https:\/\/www.oslonyokienne.com\/cs\/nabidka\/site-proti-komarum\/","og_locale":"cs_CZ","og_type":"article","og_title":"R\u00e1mov\u00e9 S\u00edt\u011b Proti Hmyzu \/ Dve\u0159e a na Zip - K\u0142odzko \/ Nowa Ruda \/ Kotlina K\u0142odzka - Tax and Trade","og_description":"Ochrana proti hmyzu bez kompromis\u016f! Vyberte si na\u0161e moskyti\u00e9ry a u\u017eijte si klid ve sv\u00e9m domov\u011b. Objevte na\u0161i nab\u00eddku hned te\u010f!","og_url":"https:\/\/www.oslonyokienne.com\/cs\/nabidka\/site-proti-komarum\/","og_site_name":"Tax and Trade","article_modified_time":"2024-02-09T08:25:21+00:00","twitter_card":"summary_large_image","twitter_misc":{"Odhadovan\u00e1 doba \u010dten\u00ed":"1 minuta"},"schema":{"@context":"https:\/\/schema.org","@graph":[{"@type":"WebPage","@id":"https:\/\/www.oslonyokienne.com\/cs\/nabidka\/site-proti-komarum\/","url":"https:\/\/www.oslonyokienne.com\/cs\/nabidka\/site-proti-komarum\/","name":"R\u00e1mov\u00e9 S\u00edt\u011b Proti Hmyzu \/ Dve\u0159e a na Zip - K\u0142odzko \/ Nowa Ruda \/ Kotlina K\u0142odzka - Tax and Trade","isPartOf":{"@id":"https:\/\/www.oslonyokienne.com\/cs\/#website"},"datePublished":"2021-12-08T08:57:01+00:00","dateModified":"2024-02-09T08:25:21+00:00","description":"Ochrana proti hmyzu bez kompromis\u016f! Vyberte si na\u0161e moskyti\u00e9ry a u\u017eijte si klid ve sv\u00e9m domov\u011b. Objevte na\u0161i nab\u00eddku hned te\u010f!","breadcrumb":{"@id":"https:\/\/www.oslonyokienne.com\/cs\/nabidka\/site-proti-komarum\/#breadcrumb"},"inLanguage":"cs","potentialAction":[{"@type":"ReadAction","target":["https:\/\/www.oslonyokienne.com\/cs\/nabidka\/site-proti-komarum\/"]}]},{"@type":"BreadcrumbList","@id":"https:\/\/www.oslonyokienne.com\/cs\/nabidka\/site-proti-komarum\/#breadcrumb","itemListElement":[{"@type":"ListItem","position":1,"name":"Strona g\u0142\u00f3wna","item":"https:\/\/www.oslonyokienne.com\/cs\/"},{"@type":"ListItem","position":2,"name":"Nab\u00eddka","item":"https:\/\/www.oslonyokienne.com\/cs\/nabidka\/"},{"@type":"ListItem","position":3,"name":"S\u00edt\u011b proti kom\u00e1r\u016fm"}]},{"@type":"WebSite","@id":"https:\/\/www.oslonyokienne.com\/cs\/#website","url":"https:\/\/www.oslonyokienne.com\/cs\/","name":"Tax and Trade","description":"","publisher":{"@id":"https:\/\/www.oslonyokienne.com\/cs\/#organization"},"potentialAction":[{"@type":"SearchAction","target":{"@type":"EntryPoint","urlTemplate":"https:\/\/www.oslonyokienne.com\/cs\/?s={search_term_string}"},"query-input":"required name=search_term_string"}],"inLanguage":"cs"},{"@type":"Organization","@id":"https:\/\/www.oslonyokienne.com\/cs\/#organization","name":"Tax and Trade","url":"https:\/\/www.oslonyokienne.com\/cs\/","logo":{"@type":"ImageObject","inLanguage":"cs","@id":"https:\/\/www.oslonyokienne.com\/cs\/#\/schema\/logo\/image\/","url":"https:\/\/www.oslonyokienne.com\/wp-content\/uploads\/2021\/11\/logo.png","contentUrl":"https:\/\/www.oslonyokienne.com\/wp-content\/uploads\/2021\/11\/logo.png","width":255,"height":59,"caption":"Tax and Trade"},"image":{"@id":"https:\/\/www.oslonyokienne.com\/cs\/#\/schema\/logo\/image\/"}}]}},"_links":{"self":[{"href":"https:\/\/www.oslonyokienne.com\/cs\/wp-json\/wp\/v2\/pages\/438","targetHints":{"allow":["GET"]}}],"collection":[{"href":"https:\/\/www.oslonyokienne.com\/cs\/wp-json\/wp\/v2\/pages"}],"about":[{"href":"https:\/\/www.oslonyokienne.com\/cs\/wp-json\/wp\/v2\/types\/page"}],"author":[{"embeddable":true,"href":"https:\/\/www.oslonyokienne.com\/cs\/wp-json\/wp\/v2\/users\/1"}],"replies":[{"embeddable":true,"href":"https:\/\/www.oslonyokienne.com\/cs\/wp-json\/wp\/v2\/comments?post=438"}],"version-history":[{"count":1,"href":"https:\/\/www.oslonyokienne.com\/cs\/wp-json\/wp\/v2\/pages\/438\/revisions"}],"predecessor-version":[{"id":554,"href":"https:\/\/www.oslonyokienne.com\/cs\/wp-json\/wp\/v2\/pages\/438\/revisions\/554"}],"up":[{"embeddable":true,"href":"https:\/\/www.oslonyokienne.com\/cs\/wp-json\/wp\/v2\/pages\/443"}],"wp:attachment":[{"href":"https:\/\/www.oslonyokienne.com\/cs\/wp-json\/wp\/v2\/media?parent=438"}],"curies":[{"name":"wp","href":"https:\/\/api.w.org\/{rel}","templated":true}]}}