{"id":437,"date":"2021-12-08T09:57:29","date_gmt":"2021-12-08T08:57:29","guid":{"rendered":"https:\/\/www.oslonyokienne.com\/markizy\/"},"modified":"2024-02-09T09:19:14","modified_gmt":"2024-02-09T08:19:14","slug":"markyzy","status":"publish","type":"page","link":"https:\/\/www.oslonyokienne.com\/cs\/nabidka\/markyzy\/","title":{"rendered":"Mark\u00fdzy"},"content":{"rendered":"\n<p>Tuto ot\u00e1zku si klade mnoho na\u0161ich z\u00e1kazn\u00edk\u016f. Odpov\u011b\u010f je v\u0161ak jednoduch\u00e1 &#8211; kdy\u017e c\u00edt\u00edme pot\u0159ebu. Pokud jste majiteli domu nebo bytu, kde slunce rozp\u00e1l\u00ed m\u00edstnosti, pom\u016f\u017ee v\u00e1m moskyti\u00e9ra zast\u00ednit okna a zabr\u00e1nit tak zah\u0159\u00edv\u00e1n\u00ed sklen\u011bn\u00fdch tabul\u00ed, kter\u00e9 v hork\u00e9m po\u010das\u00ed m\u011bn\u00ed m\u00edstnost ve sklen\u00edk. Dusn\u00e9, proslun\u011bn\u00e9 m\u00edstnosti nejsou p\u0159\u00edjemn\u00e9 a tr\u00e1vit v nich \u010das m\u016f\u017ee b\u00fdt problematick\u00e9. Moskyti\u00e9ry mohou tak\u00e9 nahradit zast\u0159e\u0161en\u00ed terasy nebo balkonu. Chr\u00e1n\u00ed p\u0159ed sluncem, ale tak\u00e9 p\u0159ed de\u0161t\u011bm. Je v\u0161ak d\u016fle\u017eit\u00e9, jak\u00fd typ moskyti\u00e9ry pou\u017eijeme. Spr\u00e1vn\u00e1 volba povede k \u00fa\u010dinnosti po dlouh\u00e1 l\u00e9ta.<\/p>\n\n\n\n<p>Polokapsov\u00e9 mark\u00fdzy poskytuj\u00ed ochranu l\u00e1tce, ze kter\u00e9 jsou vyrobeny. Po srolov\u00e1n\u00ed je schovan\u00e1 v pl\u00e1\u0161ti, ale zespodu z\u016fst\u00e1v\u00e1 viditeln\u00e1. T\u00edm je pl\u00e1tno chr\u00e1n\u011bno p\u0159ed de\u0161t\u011bm, ale tak\u00e9 se zabr\u00e1n\u00ed vyblednut\u00ed a ztr\u00e1t\u011b barvy.<\/p>\n\n\n\n<p>Celokasetov\u00e9 mark\u00fdzy jsou nejlep\u0161\u00edm \u0159e\u0161en\u00edm pro venkovn\u00ed pou\u017eit\u00ed. Nen\u00ed pot\u0159eba \u017e\u00e1dn\u00e1 dodate\u010dn\u00e1 ochrana l\u00e1tky, proto\u017ee se po srolov\u00e1n\u00ed zcela schov\u00e1 do kazety. Tento typ technologie umo\u017e\u0148uje pou\u017eit\u00ed mark\u00fdzy za v\u0161ech klimatick\u00fdch podm\u00ednek. Jedn\u00e1 se v\u0161ak o pom\u011brn\u011b drah\u00e9 \u0159e\u0161en\u00ed, ale vysok\u00e1 cena jde ruku v ruce s funk\u010dnost\u00ed a kvalitou.<\/p>\n\n\n\n<p><\/p>\n\n\n\n<p><\/p>\n","protected":false},"excerpt":{"rendered":"<p>Tuto ot\u00e1zku si klade mnoho na\u0161ich z\u00e1kazn\u00edk\u016f. Odpov\u011b\u010f je v\u0161ak jednoduch\u00e1 &#8211; kdy\u017e c\u00edt\u00edme pot\u0159ebu. Pokud jste majiteli domu nebo bytu, kde slunce rozp\u00e1l\u00ed m\u00edstnosti, pom\u016f\u017ee v\u00e1m moskyti\u00e9ra zast\u00ednit okna a zabr\u00e1nit tak zah\u0159\u00edv\u00e1n\u00ed sklen\u011bn\u00fdch tabul\u00ed, kter\u00e9 v hork\u00e9m po\u010das\u00ed m\u011bn\u00ed m\u00edstnost ve sklen\u00edk. Dusn\u00e9, proslun\u011bn\u00e9 m\u00edstnosti nejsou p\u0159\u00edjemn\u00e9 a tr\u00e1vit v nich \u010das m\u016f\u017ee&hellip; <a class=\"more-link\" href=\"https:\/\/www.oslonyokienne.com\/cs\/nabidka\/markyzy\/\">Pokra\u010dovat ve\u00a0\u010dten\u00ed <span class=\"screen-reader-text\">Mark\u00fdzy<\/span><\/a><\/p>\n","protected":false},"author":1,"featured_media":0,"parent":443,"menu_order":0,"comment_status":"closed","ping_status":"closed","template":"singleservice.php","meta":{"footnotes":""},"class_list":["post-437","page","type-page","status-publish","hentry","entry"],"yoast_head":"<!-- This site is optimized with the Yoast SEO plugin v21.9.1 - https:\/\/yoast.com\/wordpress\/plugins\/seo\/ -->\n<title>Mark\u00fdzy a Pergoly - K\u0142odzko \/ Nowa Ruda \/ Kotlina K\u0142odzka - Tax and Trade<\/title>\n<meta name=\"description\" content=\"Objevte na\u0161i \u0159adu mark\u00fdz a uvid\u00edte, jak m\u016f\u017eete zlep\u0161it pohodl\u00ed sv\u00e9ho domova. Zkontrolovat nyn\u00ed!\" \/>\n<meta name=\"robots\" content=\"index, follow, max-snippet:-1, max-image-preview:large, max-video-preview:-1\" \/>\n<link rel=\"canonical\" href=\"https:\/\/www.oslonyokienne.com\/cs\/nabidka\/markyzy\/\" \/>\n<meta property=\"og:locale\" content=\"cs_CZ\" \/>\n<meta property=\"og:type\" content=\"article\" \/>\n<meta property=\"og:title\" content=\"Mark\u00fdzy a Pergoly - K\u0142odzko \/ Nowa Ruda \/ Kotlina K\u0142odzka - Tax and Trade\" \/>\n<meta property=\"og:description\" content=\"Objevte na\u0161i \u0159adu mark\u00fdz a uvid\u00edte, jak m\u016f\u017eete zlep\u0161it pohodl\u00ed sv\u00e9ho domova. Zkontrolovat nyn\u00ed!\" \/>\n<meta property=\"og:url\" content=\"https:\/\/www.oslonyokienne.com\/cs\/nabidka\/markyzy\/\" \/>\n<meta property=\"og:site_name\" content=\"Tax and Trade\" \/>\n<meta property=\"article:modified_time\" content=\"2024-02-09T08:19:14+00:00\" \/>\n<meta name=\"twitter:card\" content=\"summary_large_image\" \/>\n<meta name=\"twitter:label1\" content=\"Odhadovan\u00e1 doba \u010dten\u00ed\" \/>\n\t<meta name=\"twitter:data1\" content=\"1 minuta\" \/>\n<script type=\"application\/ld+json\" class=\"yoast-schema-graph\">{\"@context\":\"https:\/\/schema.org\",\"@graph\":[{\"@type\":\"WebPage\",\"@id\":\"https:\/\/www.oslonyokienne.com\/cs\/nabidka\/markyzy\/\",\"url\":\"https:\/\/www.oslonyokienne.com\/cs\/nabidka\/markyzy\/\",\"name\":\"Mark\u00fdzy a Pergoly - K\u0142odzko \/ Nowa Ruda \/ Kotlina K\u0142odzka - Tax and Trade\",\"isPartOf\":{\"@id\":\"https:\/\/www.oslonyokienne.com\/cs\/#website\"},\"datePublished\":\"2021-12-08T08:57:29+00:00\",\"dateModified\":\"2024-02-09T08:19:14+00:00\",\"description\":\"Objevte na\u0161i \u0159adu mark\u00fdz a uvid\u00edte, jak m\u016f\u017eete zlep\u0161it pohodl\u00ed sv\u00e9ho domova. Zkontrolovat nyn\u00ed!\",\"breadcrumb\":{\"@id\":\"https:\/\/www.oslonyokienne.com\/cs\/nabidka\/markyzy\/#breadcrumb\"},\"inLanguage\":\"cs\",\"potentialAction\":[{\"@type\":\"ReadAction\",\"target\":[\"https:\/\/www.oslonyokienne.com\/cs\/nabidka\/markyzy\/\"]}]},{\"@type\":\"BreadcrumbList\",\"@id\":\"https:\/\/www.oslonyokienne.com\/cs\/nabidka\/markyzy\/#breadcrumb\",\"itemListElement\":[{\"@type\":\"ListItem\",\"position\":1,\"name\":\"Strona g\u0142\u00f3wna\",\"item\":\"https:\/\/www.oslonyokienne.com\/cs\/\"},{\"@type\":\"ListItem\",\"position\":2,\"name\":\"Nab\u00eddka\",\"item\":\"https:\/\/www.oslonyokienne.com\/cs\/nabidka\/\"},{\"@type\":\"ListItem\",\"position\":3,\"name\":\"Mark\u00fdzy\"}]},{\"@type\":\"WebSite\",\"@id\":\"https:\/\/www.oslonyokienne.com\/cs\/#website\",\"url\":\"https:\/\/www.oslonyokienne.com\/cs\/\",\"name\":\"Tax and Trade\",\"description\":\"\",\"publisher\":{\"@id\":\"https:\/\/www.oslonyokienne.com\/cs\/#organization\"},\"potentialAction\":[{\"@type\":\"SearchAction\",\"target\":{\"@type\":\"EntryPoint\",\"urlTemplate\":\"https:\/\/www.oslonyokienne.com\/cs\/?s={search_term_string}\"},\"query-input\":\"required name=search_term_string\"}],\"inLanguage\":\"cs\"},{\"@type\":\"Organization\",\"@id\":\"https:\/\/www.oslonyokienne.com\/cs\/#organization\",\"name\":\"Tax and Trade\",\"url\":\"https:\/\/www.oslonyokienne.com\/cs\/\",\"logo\":{\"@type\":\"ImageObject\",\"inLanguage\":\"cs\",\"@id\":\"https:\/\/www.oslonyokienne.com\/cs\/#\/schema\/logo\/image\/\",\"url\":\"https:\/\/www.oslonyokienne.com\/wp-content\/uploads\/2021\/11\/logo.png\",\"contentUrl\":\"https:\/\/www.oslonyokienne.com\/wp-content\/uploads\/2021\/11\/logo.png\",\"width\":255,\"height\":59,\"caption\":\"Tax and Trade\"},\"image\":{\"@id\":\"https:\/\/www.oslonyokienne.com\/cs\/#\/schema\/logo\/image\/\"}}]}<\/script>\n<!-- \/ Yoast SEO plugin. -->","yoast_head_json":{"title":"Mark\u00fdzy a Pergoly - K\u0142odzko \/ Nowa Ruda \/ Kotlina K\u0142odzka - Tax and Trade","description":"Objevte na\u0161i \u0159adu mark\u00fdz a uvid\u00edte, jak m\u016f\u017eete zlep\u0161it pohodl\u00ed sv\u00e9ho domova. Zkontrolovat nyn\u00ed!","robots":{"index":"index","follow":"follow","max-snippet":"max-snippet:-1","max-image-preview":"max-image-preview:large","max-video-preview":"max-video-preview:-1"},"canonical":"https:\/\/www.oslonyokienne.com\/cs\/nabidka\/markyzy\/","og_locale":"cs_CZ","og_type":"article","og_title":"Mark\u00fdzy a Pergoly - K\u0142odzko \/ Nowa Ruda \/ Kotlina K\u0142odzka - Tax and Trade","og_description":"Objevte na\u0161i \u0159adu mark\u00fdz a uvid\u00edte, jak m\u016f\u017eete zlep\u0161it pohodl\u00ed sv\u00e9ho domova. Zkontrolovat nyn\u00ed!","og_url":"https:\/\/www.oslonyokienne.com\/cs\/nabidka\/markyzy\/","og_site_name":"Tax and Trade","article_modified_time":"2024-02-09T08:19:14+00:00","twitter_card":"summary_large_image","twitter_misc":{"Odhadovan\u00e1 doba \u010dten\u00ed":"1 minuta"},"schema":{"@context":"https:\/\/schema.org","@graph":[{"@type":"WebPage","@id":"https:\/\/www.oslonyokienne.com\/cs\/nabidka\/markyzy\/","url":"https:\/\/www.oslonyokienne.com\/cs\/nabidka\/markyzy\/","name":"Mark\u00fdzy a Pergoly - K\u0142odzko \/ Nowa Ruda \/ Kotlina K\u0142odzka - Tax and Trade","isPartOf":{"@id":"https:\/\/www.oslonyokienne.com\/cs\/#website"},"datePublished":"2021-12-08T08:57:29+00:00","dateModified":"2024-02-09T08:19:14+00:00","description":"Objevte na\u0161i \u0159adu mark\u00fdz a uvid\u00edte, jak m\u016f\u017eete zlep\u0161it pohodl\u00ed sv\u00e9ho domova. Zkontrolovat nyn\u00ed!","breadcrumb":{"@id":"https:\/\/www.oslonyokienne.com\/cs\/nabidka\/markyzy\/#breadcrumb"},"inLanguage":"cs","potentialAction":[{"@type":"ReadAction","target":["https:\/\/www.oslonyokienne.com\/cs\/nabidka\/markyzy\/"]}]},{"@type":"BreadcrumbList","@id":"https:\/\/www.oslonyokienne.com\/cs\/nabidka\/markyzy\/#breadcrumb","itemListElement":[{"@type":"ListItem","position":1,"name":"Strona g\u0142\u00f3wna","item":"https:\/\/www.oslonyokienne.com\/cs\/"},{"@type":"ListItem","position":2,"name":"Nab\u00eddka","item":"https:\/\/www.oslonyokienne.com\/cs\/nabidka\/"},{"@type":"ListItem","position":3,"name":"Mark\u00fdzy"}]},{"@type":"WebSite","@id":"https:\/\/www.oslonyokienne.com\/cs\/#website","url":"https:\/\/www.oslonyokienne.com\/cs\/","name":"Tax and Trade","description":"","publisher":{"@id":"https:\/\/www.oslonyokienne.com\/cs\/#organization"},"potentialAction":[{"@type":"SearchAction","target":{"@type":"EntryPoint","urlTemplate":"https:\/\/www.oslonyokienne.com\/cs\/?s={search_term_string}"},"query-input":"required name=search_term_string"}],"inLanguage":"cs"},{"@type":"Organization","@id":"https:\/\/www.oslonyokienne.com\/cs\/#organization","name":"Tax and Trade","url":"https:\/\/www.oslonyokienne.com\/cs\/","logo":{"@type":"ImageObject","inLanguage":"cs","@id":"https:\/\/www.oslonyokienne.com\/cs\/#\/schema\/logo\/image\/","url":"https:\/\/www.oslonyokienne.com\/wp-content\/uploads\/2021\/11\/logo.png","contentUrl":"https:\/\/www.oslonyokienne.com\/wp-content\/uploads\/2021\/11\/logo.png","width":255,"height":59,"caption":"Tax and Trade"},"image":{"@id":"https:\/\/www.oslonyokienne.com\/cs\/#\/schema\/logo\/image\/"}}]}},"_links":{"self":[{"href":"https:\/\/www.oslonyokienne.com\/cs\/wp-json\/wp\/v2\/pages\/437","targetHints":{"allow":["GET"]}}],"collection":[{"href":"https:\/\/www.oslonyokienne.com\/cs\/wp-json\/wp\/v2\/pages"}],"about":[{"href":"https:\/\/www.oslonyokienne.com\/cs\/wp-json\/wp\/v2\/types\/page"}],"author":[{"embeddable":true,"href":"https:\/\/www.oslonyokienne.com\/cs\/wp-json\/wp\/v2\/users\/1"}],"replies":[{"embeddable":true,"href":"https:\/\/www.oslonyokienne.com\/cs\/wp-json\/wp\/v2\/comments?post=437"}],"version-history":[{"count":1,"href":"https:\/\/www.oslonyokienne.com\/cs\/wp-json\/wp\/v2\/pages\/437\/revisions"}],"predecessor-version":[{"id":552,"href":"https:\/\/www.oslonyokienne.com\/cs\/wp-json\/wp\/v2\/pages\/437\/revisions\/552"}],"up":[{"embeddable":true,"href":"https:\/\/www.oslonyokienne.com\/cs\/wp-json\/wp\/v2\/pages\/443"}],"wp:attachment":[{"href":"https:\/\/www.oslonyokienne.com\/cs\/wp-json\/wp\/v2\/media?parent=437"}],"curies":[{"name":"wp","href":"https:\/\/api.w.org\/{rel}","templated":true}]}}