{"id":435,"date":"2021-12-08T09:58:40","date_gmt":"2021-12-08T08:58:40","guid":{"rendered":"https:\/\/www.oslonyokienne.com\/serwis-i-naprawa\/"},"modified":"2024-02-09T09:24:04","modified_gmt":"2024-02-09T08:24:04","slug":"serwis-a-opravy","status":"publish","type":"page","link":"https:\/\/www.oslonyokienne.com\/cs\/nabidka\/serwis-a-opravy\/","title":{"rendered":"Servis a opravy"},"content":{"rendered":"\n<p>N\u011bkdy si s v\u00e1mi \u017eivot zahr\u00e1v\u00e1, kdy\u017e to nejm\u00e9n\u011b \u010dek\u00e1te. Rozbit\u00e9 okno v zim\u011b, venku -20 stup\u0148\u016f Celsia. Cel\u00e1 rodina doma mrzne. Co bude d\u00e1l? Jin\u00e1 situace: otev\u0159ete okno, n\u011bco se rozbije, okno vis\u00ed na jednom pantu a vy ho nem\u016f\u017eete vr\u00e1tit zp\u011bt. Bl\u00ed\u017e\u00ed se bou\u0159ka. Co byste m\u011bli d\u011blat? Nebo v\u00e1m z\u00e1clony a z\u00e1v\u011bsy l\u00e9taj\u00ed jako bl\u00e1zni i p\u0159es zav\u0159en\u00e1 okna? C\u00edt\u00edte ka\u017ed\u00fd ve\u010der ten chlad, p\u0159esto\u017ee je zapnut\u00e9 topen\u00ed? Jak\u00e9 m\u00e1te mo\u017enosti?<\/p>\n\n\n\n<h3 class=\"wp-block-heading item-subtitle\">Zavolejte n\u00e1m! Servis a opravy oken \u010dekaj\u00ed na va\u0161i pomoc.<\/h3>\n\n\n\n<p>Okna, a\u010dkoli se zdaj\u00ed b\u00fdt odoln\u00e1, \u010dasem ztr\u00e1cej\u00ed sv\u00e9 vlastnosti. Konkr\u00e9tn\u011b se jedn\u00e1 o okenn\u00ed komponenty, jako jsou t\u011bsn\u011bn\u00ed, kter\u00e1 se zapa\u0159uj\u00ed a odtahuj\u00ed se od m\u00edsta, kde maj\u00ed b\u00fdt, kliky, kter\u00e9 v\u00e1m p\u0159i otev\u00edr\u00e1n\u00ed nebo zav\u00edr\u00e1n\u00ed oken n\u011bkdy &#8222;z\u016fstanou v ruce&#8220;, nebo dokonce okenn\u00ed kov\u00e1n\u00ed, kter\u00e9 p\u0159i pohybu budovy prask\u00e1 a vytv\u00e1\u0159\u00ed mezery, kter\u00e9 propou\u0161t\u011bj\u00ed studen\u00fd vzduch do domu. Pro ka\u017ed\u00fd z t\u011bchto probl\u00e9m\u016f m\u00e1me \u0159e\u0161en\u00ed.<\/p>\n","protected":false},"excerpt":{"rendered":"<p>N\u011bkdy si s v\u00e1mi \u017eivot zahr\u00e1v\u00e1, kdy\u017e to nejm\u00e9n\u011b \u010dek\u00e1te. Rozbit\u00e9 okno v zim\u011b, venku -20 stup\u0148\u016f Celsia. Cel\u00e1 rodina doma mrzne. Co bude d\u00e1l? Jin\u00e1 situace: otev\u0159ete okno, n\u011bco se rozbije, okno vis\u00ed na jednom pantu a vy ho nem\u016f\u017eete vr\u00e1tit zp\u011bt. Bl\u00ed\u017e\u00ed se bou\u0159ka. Co byste m\u011bli d\u011blat? Nebo v\u00e1m z\u00e1clony a z\u00e1v\u011bsy&hellip; <a class=\"more-link\" href=\"https:\/\/www.oslonyokienne.com\/cs\/nabidka\/serwis-a-opravy\/\">Pokra\u010dovat ve\u00a0\u010dten\u00ed <span class=\"screen-reader-text\">Servis a opravy<\/span><\/a><\/p>\n","protected":false},"author":1,"featured_media":0,"parent":443,"menu_order":0,"comment_status":"closed","ping_status":"closed","template":"singleservice.php","meta":{"footnotes":""},"class_list":["post-435","page","type-page","status-publish","hentry","entry"],"yoast_head":"<!-- This site is optimized with the Yoast SEO plugin v21.9.1 - https:\/\/yoast.com\/wordpress\/plugins\/seo\/ -->\n<title>Servis a Opravy Oken - K\u0142odzko \/ Nowa Ruda \/ Kotlina K\u0142odzka - Tax and Trade<\/title>\n<meta name=\"description\" content=\"D\u016fv\u011b\u0159ujte profesion\u00e1ln\u00edmu servisu! Na\u0161e nab\u00eddka je z\u00e1rukou rychl\u00e9 a efektivn\u00ed pomoci. Vyu\u017eijte na\u0161ich slu\u017eeb a vy\u0159e\u0161te sv\u00e9 probl\u00e9my je\u0161t\u011b dnes!\" \/>\n<meta name=\"robots\" content=\"index, follow, max-snippet:-1, max-image-preview:large, max-video-preview:-1\" \/>\n<link rel=\"canonical\" href=\"https:\/\/www.oslonyokienne.com\/cs\/nabidka\/serwis-a-opravy\/\" \/>\n<meta property=\"og:locale\" content=\"cs_CZ\" \/>\n<meta property=\"og:type\" content=\"article\" \/>\n<meta property=\"og:title\" content=\"Servis a Opravy Oken - K\u0142odzko \/ Nowa Ruda \/ Kotlina K\u0142odzka - Tax and Trade\" \/>\n<meta property=\"og:description\" content=\"D\u016fv\u011b\u0159ujte profesion\u00e1ln\u00edmu servisu! Na\u0161e nab\u00eddka je z\u00e1rukou rychl\u00e9 a efektivn\u00ed pomoci. Vyu\u017eijte na\u0161ich slu\u017eeb a vy\u0159e\u0161te sv\u00e9 probl\u00e9my je\u0161t\u011b dnes!\" \/>\n<meta property=\"og:url\" content=\"https:\/\/www.oslonyokienne.com\/cs\/nabidka\/serwis-a-opravy\/\" \/>\n<meta property=\"og:site_name\" content=\"Tax and Trade\" \/>\n<meta property=\"article:modified_time\" content=\"2024-02-09T08:24:04+00:00\" \/>\n<meta name=\"twitter:card\" content=\"summary_large_image\" \/>\n<meta name=\"twitter:label1\" content=\"Odhadovan\u00e1 doba \u010dten\u00ed\" \/>\n\t<meta name=\"twitter:data1\" content=\"1 minuta\" \/>\n<script type=\"application\/ld+json\" class=\"yoast-schema-graph\">{\"@context\":\"https:\/\/schema.org\",\"@graph\":[{\"@type\":\"WebPage\",\"@id\":\"https:\/\/www.oslonyokienne.com\/cs\/nabidka\/serwis-a-opravy\/\",\"url\":\"https:\/\/www.oslonyokienne.com\/cs\/nabidka\/serwis-a-opravy\/\",\"name\":\"Servis a Opravy Oken - K\u0142odzko \/ Nowa Ruda \/ Kotlina K\u0142odzka - Tax and Trade\",\"isPartOf\":{\"@id\":\"https:\/\/www.oslonyokienne.com\/cs\/#website\"},\"datePublished\":\"2021-12-08T08:58:40+00:00\",\"dateModified\":\"2024-02-09T08:24:04+00:00\",\"description\":\"D\u016fv\u011b\u0159ujte profesion\u00e1ln\u00edmu servisu! Na\u0161e nab\u00eddka je z\u00e1rukou rychl\u00e9 a efektivn\u00ed pomoci. Vyu\u017eijte na\u0161ich slu\u017eeb a vy\u0159e\u0161te sv\u00e9 probl\u00e9my je\u0161t\u011b dnes!\",\"breadcrumb\":{\"@id\":\"https:\/\/www.oslonyokienne.com\/cs\/nabidka\/serwis-a-opravy\/#breadcrumb\"},\"inLanguage\":\"cs\",\"potentialAction\":[{\"@type\":\"ReadAction\",\"target\":[\"https:\/\/www.oslonyokienne.com\/cs\/nabidka\/serwis-a-opravy\/\"]}]},{\"@type\":\"BreadcrumbList\",\"@id\":\"https:\/\/www.oslonyokienne.com\/cs\/nabidka\/serwis-a-opravy\/#breadcrumb\",\"itemListElement\":[{\"@type\":\"ListItem\",\"position\":1,\"name\":\"Strona g\u0142\u00f3wna\",\"item\":\"https:\/\/www.oslonyokienne.com\/cs\/\"},{\"@type\":\"ListItem\",\"position\":2,\"name\":\"Nab\u00eddka\",\"item\":\"https:\/\/www.oslonyokienne.com\/cs\/nabidka\/\"},{\"@type\":\"ListItem\",\"position\":3,\"name\":\"Servis a opravy\"}]},{\"@type\":\"WebSite\",\"@id\":\"https:\/\/www.oslonyokienne.com\/cs\/#website\",\"url\":\"https:\/\/www.oslonyokienne.com\/cs\/\",\"name\":\"Tax and Trade\",\"description\":\"\",\"publisher\":{\"@id\":\"https:\/\/www.oslonyokienne.com\/cs\/#organization\"},\"potentialAction\":[{\"@type\":\"SearchAction\",\"target\":{\"@type\":\"EntryPoint\",\"urlTemplate\":\"https:\/\/www.oslonyokienne.com\/cs\/?s={search_term_string}\"},\"query-input\":\"required name=search_term_string\"}],\"inLanguage\":\"cs\"},{\"@type\":\"Organization\",\"@id\":\"https:\/\/www.oslonyokienne.com\/cs\/#organization\",\"name\":\"Tax and Trade\",\"url\":\"https:\/\/www.oslonyokienne.com\/cs\/\",\"logo\":{\"@type\":\"ImageObject\",\"inLanguage\":\"cs\",\"@id\":\"https:\/\/www.oslonyokienne.com\/cs\/#\/schema\/logo\/image\/\",\"url\":\"https:\/\/www.oslonyokienne.com\/wp-content\/uploads\/2021\/11\/logo.png\",\"contentUrl\":\"https:\/\/www.oslonyokienne.com\/wp-content\/uploads\/2021\/11\/logo.png\",\"width\":255,\"height\":59,\"caption\":\"Tax and Trade\"},\"image\":{\"@id\":\"https:\/\/www.oslonyokienne.com\/cs\/#\/schema\/logo\/image\/\"}}]}<\/script>\n<!-- \/ Yoast SEO plugin. -->","yoast_head_json":{"title":"Servis a Opravy Oken - K\u0142odzko \/ Nowa Ruda \/ Kotlina K\u0142odzka - Tax and Trade","description":"D\u016fv\u011b\u0159ujte profesion\u00e1ln\u00edmu servisu! Na\u0161e nab\u00eddka je z\u00e1rukou rychl\u00e9 a efektivn\u00ed pomoci. Vyu\u017eijte na\u0161ich slu\u017eeb a vy\u0159e\u0161te sv\u00e9 probl\u00e9my je\u0161t\u011b dnes!","robots":{"index":"index","follow":"follow","max-snippet":"max-snippet:-1","max-image-preview":"max-image-preview:large","max-video-preview":"max-video-preview:-1"},"canonical":"https:\/\/www.oslonyokienne.com\/cs\/nabidka\/serwis-a-opravy\/","og_locale":"cs_CZ","og_type":"article","og_title":"Servis a Opravy Oken - K\u0142odzko \/ Nowa Ruda \/ Kotlina K\u0142odzka - Tax and Trade","og_description":"D\u016fv\u011b\u0159ujte profesion\u00e1ln\u00edmu servisu! Na\u0161e nab\u00eddka je z\u00e1rukou rychl\u00e9 a efektivn\u00ed pomoci. Vyu\u017eijte na\u0161ich slu\u017eeb a vy\u0159e\u0161te sv\u00e9 probl\u00e9my je\u0161t\u011b dnes!","og_url":"https:\/\/www.oslonyokienne.com\/cs\/nabidka\/serwis-a-opravy\/","og_site_name":"Tax and Trade","article_modified_time":"2024-02-09T08:24:04+00:00","twitter_card":"summary_large_image","twitter_misc":{"Odhadovan\u00e1 doba \u010dten\u00ed":"1 minuta"},"schema":{"@context":"https:\/\/schema.org","@graph":[{"@type":"WebPage","@id":"https:\/\/www.oslonyokienne.com\/cs\/nabidka\/serwis-a-opravy\/","url":"https:\/\/www.oslonyokienne.com\/cs\/nabidka\/serwis-a-opravy\/","name":"Servis a Opravy Oken - K\u0142odzko \/ Nowa Ruda \/ Kotlina K\u0142odzka - Tax and Trade","isPartOf":{"@id":"https:\/\/www.oslonyokienne.com\/cs\/#website"},"datePublished":"2021-12-08T08:58:40+00:00","dateModified":"2024-02-09T08:24:04+00:00","description":"D\u016fv\u011b\u0159ujte profesion\u00e1ln\u00edmu servisu! Na\u0161e nab\u00eddka je z\u00e1rukou rychl\u00e9 a efektivn\u00ed pomoci. Vyu\u017eijte na\u0161ich slu\u017eeb a vy\u0159e\u0161te sv\u00e9 probl\u00e9my je\u0161t\u011b dnes!","breadcrumb":{"@id":"https:\/\/www.oslonyokienne.com\/cs\/nabidka\/serwis-a-opravy\/#breadcrumb"},"inLanguage":"cs","potentialAction":[{"@type":"ReadAction","target":["https:\/\/www.oslonyokienne.com\/cs\/nabidka\/serwis-a-opravy\/"]}]},{"@type":"BreadcrumbList","@id":"https:\/\/www.oslonyokienne.com\/cs\/nabidka\/serwis-a-opravy\/#breadcrumb","itemListElement":[{"@type":"ListItem","position":1,"name":"Strona g\u0142\u00f3wna","item":"https:\/\/www.oslonyokienne.com\/cs\/"},{"@type":"ListItem","position":2,"name":"Nab\u00eddka","item":"https:\/\/www.oslonyokienne.com\/cs\/nabidka\/"},{"@type":"ListItem","position":3,"name":"Servis a opravy"}]},{"@type":"WebSite","@id":"https:\/\/www.oslonyokienne.com\/cs\/#website","url":"https:\/\/www.oslonyokienne.com\/cs\/","name":"Tax and Trade","description":"","publisher":{"@id":"https:\/\/www.oslonyokienne.com\/cs\/#organization"},"potentialAction":[{"@type":"SearchAction","target":{"@type":"EntryPoint","urlTemplate":"https:\/\/www.oslonyokienne.com\/cs\/?s={search_term_string}"},"query-input":"required name=search_term_string"}],"inLanguage":"cs"},{"@type":"Organization","@id":"https:\/\/www.oslonyokienne.com\/cs\/#organization","name":"Tax and Trade","url":"https:\/\/www.oslonyokienne.com\/cs\/","logo":{"@type":"ImageObject","inLanguage":"cs","@id":"https:\/\/www.oslonyokienne.com\/cs\/#\/schema\/logo\/image\/","url":"https:\/\/www.oslonyokienne.com\/wp-content\/uploads\/2021\/11\/logo.png","contentUrl":"https:\/\/www.oslonyokienne.com\/wp-content\/uploads\/2021\/11\/logo.png","width":255,"height":59,"caption":"Tax and Trade"},"image":{"@id":"https:\/\/www.oslonyokienne.com\/cs\/#\/schema\/logo\/image\/"}}]}},"_links":{"self":[{"href":"https:\/\/www.oslonyokienne.com\/cs\/wp-json\/wp\/v2\/pages\/435","targetHints":{"allow":["GET"]}}],"collection":[{"href":"https:\/\/www.oslonyokienne.com\/cs\/wp-json\/wp\/v2\/pages"}],"about":[{"href":"https:\/\/www.oslonyokienne.com\/cs\/wp-json\/wp\/v2\/types\/page"}],"author":[{"embeddable":true,"href":"https:\/\/www.oslonyokienne.com\/cs\/wp-json\/wp\/v2\/users\/1"}],"replies":[{"embeddable":true,"href":"https:\/\/www.oslonyokienne.com\/cs\/wp-json\/wp\/v2\/comments?post=435"}],"version-history":[{"count":1,"href":"https:\/\/www.oslonyokienne.com\/cs\/wp-json\/wp\/v2\/pages\/435\/revisions"}],"predecessor-version":[{"id":553,"href":"https:\/\/www.oslonyokienne.com\/cs\/wp-json\/wp\/v2\/pages\/435\/revisions\/553"}],"up":[{"embeddable":true,"href":"https:\/\/www.oslonyokienne.com\/cs\/wp-json\/wp\/v2\/pages\/443"}],"wp:attachment":[{"href":"https:\/\/www.oslonyokienne.com\/cs\/wp-json\/wp\/v2\/media?parent=435"}],"curies":[{"name":"wp","href":"https:\/\/api.w.org\/{rel}","templated":true}]}}