{"id":433,"date":"2023-10-04T11:33:07","date_gmt":"2023-10-04T09:33:07","guid":{"rendered":"https:\/\/www.oslonyokienne.com\/klodzko\/"},"modified":"2023-10-11T07:08:33","modified_gmt":"2023-10-11T05:08:33","slug":"klodzko","status":"publish","type":"page","link":"https:\/\/www.oslonyokienne.com\/cs\/klodzko\/","title":{"rendered":"Kladsko"},"content":{"rendered":"\n<p>Jsme spole\u010dnost s dlouholet\u00fdmi zku\u0161enostmi v oboru a nespornou jedni\u010dkou v oblasti poradenstv\u00ed, prodeje a instalace inovativn\u00edch \u0159e\u0161en\u00ed pro va\u0161e okna a dve\u0159e. Na\u0161e spole\u010dnost je synonymem profesionality, vynikaj\u00edc\u00ed kvality a spolehlivosti p\u0159i poskytov\u00e1n\u00ed \u0159e\u0161en\u00ed, kter\u00e1 p\u0159ed\u010d\u00ed v\u0161echna o\u010dek\u00e1v\u00e1n\u00ed.<\/p>\n\n\n\n<p>Na\u0161e v\u00e1\u0161e\u0148 pro vytv\u00e1\u0159en\u00ed prostor pln\u00fdch pohodl\u00ed a estetiky je patrn\u00e1 v ka\u017ed\u00e9m detailu nab\u00edzen\u00fdch produkt\u016f. Ch\u00e1peme, \u017ee okenn\u00ed kryty jsou nejen funk\u010dn\u00ed, ale tak\u00e9 d\u016fle\u017eit\u00fdm prvkem interi\u00e9rov\u00e9ho designu. Proto na\u0161e okenn\u00ed rolety, s\u00edt\u011b proti hmyzu a \u017ealuzie, kter\u00e9 montujeme mimo jin\u00e9 v Kladsku, nejen \u00fa\u010dinn\u011b chr\u00e1n\u00ed p\u0159ed nadm\u011brn\u00fdm sv\u011btlem nebo hmyzem, ale tak\u00e9 dod\u00e1vaj\u00ed m\u00edstnostem, v nich\u017e jsou pou\u017eity, jedine\u010dn\u00fd charakter.<\/p>\n","protected":false},"excerpt":{"rendered":"<p>Jsme spole\u010dnost s dlouholet\u00fdmi zku\u0161enostmi v oboru a nespornou jedni\u010dkou v oblasti poradenstv\u00ed, prodeje a instalace inovativn\u00edch \u0159e\u0161en\u00ed pro va\u0161e okna a dve\u0159e. Na\u0161e spole\u010dnost je synonymem profesionality, vynikaj\u00edc\u00ed kvality a spolehlivosti p\u0159i poskytov\u00e1n\u00ed \u0159e\u0161en\u00ed, kter\u00e1 p\u0159ed\u010d\u00ed v\u0161echna o\u010dek\u00e1v\u00e1n\u00ed. Na\u0161e v\u00e1\u0161e\u0148 pro vytv\u00e1\u0159en\u00ed prostor pln\u00fdch pohodl\u00ed a estetiky je patrn\u00e1 v ka\u017ed\u00e9m detailu nab\u00edzen\u00fdch produkt\u016f.&hellip; <a class=\"more-link\" href=\"https:\/\/www.oslonyokienne.com\/cs\/klodzko\/\">Pokra\u010dovat ve\u00a0\u010dten\u00ed <span class=\"screen-reader-text\">Kladsko<\/span><\/a><\/p>\n","protected":false},"author":1,"featured_media":0,"parent":0,"menu_order":0,"comment_status":"closed","ping_status":"closed","template":"singleservice.php","meta":{"footnotes":""},"class_list":["post-433","page","type-page","status-publish","hentry","entry"],"yoast_head":"<!-- This site is optimized with the Yoast SEO plugin v21.9.1 - https:\/\/yoast.com\/wordpress\/plugins\/seo\/ -->\n<title>Kladsko - Tax and Trade<\/title>\n<meta name=\"robots\" content=\"index, follow, max-snippet:-1, max-image-preview:large, max-video-preview:-1\" \/>\n<link rel=\"canonical\" href=\"https:\/\/www.oslonyokienne.com\/cs\/klodzko\/\" \/>\n<meta property=\"og:locale\" content=\"cs_CZ\" \/>\n<meta property=\"og:type\" content=\"article\" \/>\n<meta property=\"og:title\" content=\"Kladsko - Tax and Trade\" \/>\n<meta property=\"og:description\" content=\"Jsme spole\u010dnost s dlouholet\u00fdmi zku\u0161enostmi v oboru a nespornou jedni\u010dkou v oblasti poradenstv\u00ed, prodeje a instalace inovativn\u00edch \u0159e\u0161en\u00ed pro va\u0161e okna a dve\u0159e. Na\u0161e spole\u010dnost je synonymem profesionality, vynikaj\u00edc\u00ed kvality a spolehlivosti p\u0159i poskytov\u00e1n\u00ed \u0159e\u0161en\u00ed, kter\u00e1 p\u0159ed\u010d\u00ed v\u0161echna o\u010dek\u00e1v\u00e1n\u00ed. Na\u0161e v\u00e1\u0161e\u0148 pro vytv\u00e1\u0159en\u00ed prostor pln\u00fdch pohodl\u00ed a estetiky je patrn\u00e1 v ka\u017ed\u00e9m detailu nab\u00edzen\u00fdch produkt\u016f.&hellip; Pokra\u010dovat ve\u00a0\u010dten\u00ed Kladsko\" \/>\n<meta property=\"og:url\" content=\"https:\/\/www.oslonyokienne.com\/cs\/klodzko\/\" \/>\n<meta property=\"og:site_name\" content=\"Tax and Trade\" \/>\n<meta property=\"article:modified_time\" content=\"2023-10-11T05:08:33+00:00\" \/>\n<meta name=\"twitter:card\" content=\"summary_large_image\" \/>\n<meta name=\"twitter:label1\" content=\"Odhadovan\u00e1 doba \u010dten\u00ed\" \/>\n\t<meta name=\"twitter:data1\" content=\"1 minuta\" \/>\n<script type=\"application\/ld+json\" class=\"yoast-schema-graph\">{\"@context\":\"https:\/\/schema.org\",\"@graph\":[{\"@type\":\"WebPage\",\"@id\":\"https:\/\/www.oslonyokienne.com\/cs\/klodzko\/\",\"url\":\"https:\/\/www.oslonyokienne.com\/cs\/klodzko\/\",\"name\":\"Kladsko - Tax and Trade\",\"isPartOf\":{\"@id\":\"https:\/\/www.oslonyokienne.com\/cs\/#website\"},\"datePublished\":\"2023-10-04T09:33:07+00:00\",\"dateModified\":\"2023-10-11T05:08:33+00:00\",\"breadcrumb\":{\"@id\":\"https:\/\/www.oslonyokienne.com\/cs\/klodzko\/#breadcrumb\"},\"inLanguage\":\"cs\",\"potentialAction\":[{\"@type\":\"ReadAction\",\"target\":[\"https:\/\/www.oslonyokienne.com\/cs\/klodzko\/\"]}]},{\"@type\":\"BreadcrumbList\",\"@id\":\"https:\/\/www.oslonyokienne.com\/cs\/klodzko\/#breadcrumb\",\"itemListElement\":[{\"@type\":\"ListItem\",\"position\":1,\"name\":\"Strona g\u0142\u00f3wna\",\"item\":\"https:\/\/www.oslonyokienne.com\/cs\/\"},{\"@type\":\"ListItem\",\"position\":2,\"name\":\"Kladsko\"}]},{\"@type\":\"WebSite\",\"@id\":\"https:\/\/www.oslonyokienne.com\/cs\/#website\",\"url\":\"https:\/\/www.oslonyokienne.com\/cs\/\",\"name\":\"Tax and Trade\",\"description\":\"\",\"publisher\":{\"@id\":\"https:\/\/www.oslonyokienne.com\/cs\/#organization\"},\"potentialAction\":[{\"@type\":\"SearchAction\",\"target\":{\"@type\":\"EntryPoint\",\"urlTemplate\":\"https:\/\/www.oslonyokienne.com\/cs\/?s={search_term_string}\"},\"query-input\":\"required name=search_term_string\"}],\"inLanguage\":\"cs\"},{\"@type\":\"Organization\",\"@id\":\"https:\/\/www.oslonyokienne.com\/cs\/#organization\",\"name\":\"Tax and Trade\",\"url\":\"https:\/\/www.oslonyokienne.com\/cs\/\",\"logo\":{\"@type\":\"ImageObject\",\"inLanguage\":\"cs\",\"@id\":\"https:\/\/www.oslonyokienne.com\/cs\/#\/schema\/logo\/image\/\",\"url\":\"https:\/\/www.oslonyokienne.com\/wp-content\/uploads\/2021\/11\/logo.png\",\"contentUrl\":\"https:\/\/www.oslonyokienne.com\/wp-content\/uploads\/2021\/11\/logo.png\",\"width\":255,\"height\":59,\"caption\":\"Tax and Trade\"},\"image\":{\"@id\":\"https:\/\/www.oslonyokienne.com\/cs\/#\/schema\/logo\/image\/\"}}]}<\/script>\n<!-- \/ Yoast SEO plugin. -->","yoast_head_json":{"title":"Kladsko - Tax and Trade","robots":{"index":"index","follow":"follow","max-snippet":"max-snippet:-1","max-image-preview":"max-image-preview:large","max-video-preview":"max-video-preview:-1"},"canonical":"https:\/\/www.oslonyokienne.com\/cs\/klodzko\/","og_locale":"cs_CZ","og_type":"article","og_title":"Kladsko - Tax and Trade","og_description":"Jsme spole\u010dnost s dlouholet\u00fdmi zku\u0161enostmi v oboru a nespornou jedni\u010dkou v oblasti poradenstv\u00ed, prodeje a instalace inovativn\u00edch \u0159e\u0161en\u00ed pro va\u0161e okna a dve\u0159e. Na\u0161e spole\u010dnost je synonymem profesionality, vynikaj\u00edc\u00ed kvality a spolehlivosti p\u0159i poskytov\u00e1n\u00ed \u0159e\u0161en\u00ed, kter\u00e1 p\u0159ed\u010d\u00ed v\u0161echna o\u010dek\u00e1v\u00e1n\u00ed. Na\u0161e v\u00e1\u0161e\u0148 pro vytv\u00e1\u0159en\u00ed prostor pln\u00fdch pohodl\u00ed a estetiky je patrn\u00e1 v ka\u017ed\u00e9m detailu nab\u00edzen\u00fdch produkt\u016f.&hellip; Pokra\u010dovat ve\u00a0\u010dten\u00ed Kladsko","og_url":"https:\/\/www.oslonyokienne.com\/cs\/klodzko\/","og_site_name":"Tax and Trade","article_modified_time":"2023-10-11T05:08:33+00:00","twitter_card":"summary_large_image","twitter_misc":{"Odhadovan\u00e1 doba \u010dten\u00ed":"1 minuta"},"schema":{"@context":"https:\/\/schema.org","@graph":[{"@type":"WebPage","@id":"https:\/\/www.oslonyokienne.com\/cs\/klodzko\/","url":"https:\/\/www.oslonyokienne.com\/cs\/klodzko\/","name":"Kladsko - Tax and Trade","isPartOf":{"@id":"https:\/\/www.oslonyokienne.com\/cs\/#website"},"datePublished":"2023-10-04T09:33:07+00:00","dateModified":"2023-10-11T05:08:33+00:00","breadcrumb":{"@id":"https:\/\/www.oslonyokienne.com\/cs\/klodzko\/#breadcrumb"},"inLanguage":"cs","potentialAction":[{"@type":"ReadAction","target":["https:\/\/www.oslonyokienne.com\/cs\/klodzko\/"]}]},{"@type":"BreadcrumbList","@id":"https:\/\/www.oslonyokienne.com\/cs\/klodzko\/#breadcrumb","itemListElement":[{"@type":"ListItem","position":1,"name":"Strona g\u0142\u00f3wna","item":"https:\/\/www.oslonyokienne.com\/cs\/"},{"@type":"ListItem","position":2,"name":"Kladsko"}]},{"@type":"WebSite","@id":"https:\/\/www.oslonyokienne.com\/cs\/#website","url":"https:\/\/www.oslonyokienne.com\/cs\/","name":"Tax and Trade","description":"","publisher":{"@id":"https:\/\/www.oslonyokienne.com\/cs\/#organization"},"potentialAction":[{"@type":"SearchAction","target":{"@type":"EntryPoint","urlTemplate":"https:\/\/www.oslonyokienne.com\/cs\/?s={search_term_string}"},"query-input":"required name=search_term_string"}],"inLanguage":"cs"},{"@type":"Organization","@id":"https:\/\/www.oslonyokienne.com\/cs\/#organization","name":"Tax and Trade","url":"https:\/\/www.oslonyokienne.com\/cs\/","logo":{"@type":"ImageObject","inLanguage":"cs","@id":"https:\/\/www.oslonyokienne.com\/cs\/#\/schema\/logo\/image\/","url":"https:\/\/www.oslonyokienne.com\/wp-content\/uploads\/2021\/11\/logo.png","contentUrl":"https:\/\/www.oslonyokienne.com\/wp-content\/uploads\/2021\/11\/logo.png","width":255,"height":59,"caption":"Tax and Trade"},"image":{"@id":"https:\/\/www.oslonyokienne.com\/cs\/#\/schema\/logo\/image\/"}}]}},"_links":{"self":[{"href":"https:\/\/www.oslonyokienne.com\/cs\/wp-json\/wp\/v2\/pages\/433","targetHints":{"allow":["GET"]}}],"collection":[{"href":"https:\/\/www.oslonyokienne.com\/cs\/wp-json\/wp\/v2\/pages"}],"about":[{"href":"https:\/\/www.oslonyokienne.com\/cs\/wp-json\/wp\/v2\/types\/page"}],"author":[{"embeddable":true,"href":"https:\/\/www.oslonyokienne.com\/cs\/wp-json\/wp\/v2\/users\/1"}],"replies":[{"embeddable":true,"href":"https:\/\/www.oslonyokienne.com\/cs\/wp-json\/wp\/v2\/comments?post=433"}],"version-history":[{"count":2,"href":"https:\/\/www.oslonyokienne.com\/cs\/wp-json\/wp\/v2\/pages\/433\/revisions"}],"predecessor-version":[{"id":459,"href":"https:\/\/www.oslonyokienne.com\/cs\/wp-json\/wp\/v2\/pages\/433\/revisions\/459"}],"wp:attachment":[{"href":"https:\/\/www.oslonyokienne.com\/cs\/wp-json\/wp\/v2\/media?parent=433"}],"curies":[{"name":"wp","href":"https:\/\/api.w.org\/{rel}","templated":true}]}}