{"id":431,"date":"2023-10-04T12:05:34","date_gmt":"2023-10-04T10:05:34","guid":{"rendered":"https:\/\/www.oslonyokienne.com\/polanica-zdroj\/"},"modified":"2023-10-04T12:05:34","modified_gmt":"2023-10-04T10:05:34","slug":"polanica-zdroj","status":"publish","type":"page","link":"https:\/\/www.oslonyokienne.com\/cs\/polanica-zdroj\/","title":{"rendered":"Polanica-Zdr\u00f3j"},"content":{"rendered":"\n<p>V na\u0161em obchod\u011b najdete detaily, d\u00edky kter\u00fdm bude v\u00e1\u0161 interi\u00e9r jedine\u010dn\u00fd. N\u00e1\u0161 sortiment z\u00e1clonov\u00fdch ty\u010d\u00ed, z\u00e1v\u011bs\u016f a z\u00e1clon je nejen funk\u010dn\u00ed, ale tak\u00e9 elegantn\u00ed a stylov\u00fd. Nab\u00edz\u00edme \u0161irok\u00fd sortiment v\u00fdrobk\u016f, kter\u00e9 dodaj\u00ed va\u0161im okn\u016fm a m\u00edstnostem jedine\u010dn\u00fd charakter.<\/p>\n\n\n\n<h2 class=\"wp-block-heading\">Polanica-Zdr\u00f3j &#8211; va\u0161e okna v nov\u00e9m sv\u011btle<\/h2>\n\n\n\n<p>Na\u0161e spole\u010dnost v\u00e1m p\u0159edstavuje \u0161irok\u00fd sortiment <strong>\u017ealuzi\u00ed, rolet, z\u00e1clon, z\u00e1v\u011bs\u016f a z\u00e1<\/strong>clon, kter\u00e9 v\u00e1m umo\u017en\u00ed d\u00e1t va\u0161emu domovu nebo pracovi\u0161ti jedine\u010dn\u00fd charakter. Na\u0161im z\u00e1kazn\u00edk\u016fm z <strong>Polanice-Zdroje<\/strong> a dal\u0161\u00edch m\u011bst v Kotlin\u011b Kladsk\u00e9 nab\u00edz\u00edme nejen \u0161irok\u00fd sortiment v\u00fdrobk\u016f, ale tak\u00e9 individu\u00e1ln\u00ed p\u0159\u00edstup ke ka\u017ed\u00e9mu projektu. D\u00edky na\u0161im zku\u0161enostem a nasazen\u00ed jsme p\u0159ipraveni pomoci v\u00e1m vybrat ide\u00e1ln\u00ed \u0159e\u0161en\u00ed, kter\u00e9 spln\u00ed va\u0161e o\u010dek\u00e1v\u00e1n\u00ed z hlediska estetiky i funk\u010dnosti.<\/p>\n\n\n\n<p>V na\u0161\u00ed nab\u00eddce najdete nejen \u017ealuzie, rolety, z\u00e1clony, z\u00e1v\u011bsy a z\u00e1clony. Nab\u00edz\u00edme tak\u00e9 r\u016fzn\u00e9 typy rolet, <strong>v\u010detn\u011b venkovn\u00edch, denn\u00edch, st\u0159e\u0161n\u00edch, kazetov\u00fdch, \u0159\u00edmsk\u00fdch a voln\u011b vis\u00edc\u00edch, kter\u00e9 montujeme mimo jin\u00e9 i v Polanici-Zdroji<\/strong>. Nezapom\u00edn\u00e1me ani na ochranu p\u0159ed hmyzem &#8211; tuto funkci dokonale pln\u00ed na\u0161e dve\u0159n\u00ed a rolovac\u00ed s\u00edt\u011b proti hmyzu. Na\u0161e spole\u010dnost to nen\u00ed jen \u0161irok\u00e1 nab\u00eddka, ale tak\u00e9 profesionalita, kvalita materi\u00e1l\u016f a technick\u00e1 podpora.<\/p>\n","protected":false},"excerpt":{"rendered":"<p>V na\u0161em obchod\u011b najdete detaily, d\u00edky kter\u00fdm bude v\u00e1\u0161 interi\u00e9r jedine\u010dn\u00fd. N\u00e1\u0161 sortiment z\u00e1clonov\u00fdch ty\u010d\u00ed, z\u00e1v\u011bs\u016f a z\u00e1clon je nejen funk\u010dn\u00ed, ale tak\u00e9 elegantn\u00ed a stylov\u00fd. Nab\u00edz\u00edme \u0161irok\u00fd sortiment v\u00fdrobk\u016f, kter\u00e9 dodaj\u00ed va\u0161im okn\u016fm a m\u00edstnostem jedine\u010dn\u00fd charakter. Polanica-Zdr\u00f3j &#8211; va\u0161e okna v nov\u00e9m sv\u011btle Na\u0161e spole\u010dnost v\u00e1m p\u0159edstavuje \u0161irok\u00fd sortiment \u017ealuzi\u00ed, rolet, z\u00e1clon, z\u00e1v\u011bs\u016f&hellip; <a class=\"more-link\" href=\"https:\/\/www.oslonyokienne.com\/cs\/polanica-zdroj\/\">Pokra\u010dovat ve\u00a0\u010dten\u00ed <span class=\"screen-reader-text\">Polanica-Zdr\u00f3j<\/span><\/a><\/p>\n","protected":false},"author":1,"featured_media":0,"parent":0,"menu_order":0,"comment_status":"closed","ping_status":"closed","template":"singleservice.php","meta":{"footnotes":""},"class_list":["post-431","page","type-page","status-publish","hentry","entry"],"yoast_head":"<!-- This site is optimized with the Yoast SEO plugin v21.9.1 - https:\/\/yoast.com\/wordpress\/plugins\/seo\/ -->\n<title>Polanica-Zdr\u00f3j - Tax and Trade<\/title>\n<meta name=\"robots\" content=\"index, follow, max-snippet:-1, max-image-preview:large, max-video-preview:-1\" \/>\n<link rel=\"canonical\" href=\"https:\/\/www.oslonyokienne.com\/cs\/polanica-zdroj\/\" \/>\n<meta property=\"og:locale\" content=\"cs_CZ\" \/>\n<meta property=\"og:type\" content=\"article\" \/>\n<meta property=\"og:title\" content=\"Polanica-Zdr\u00f3j - Tax and Trade\" \/>\n<meta property=\"og:description\" content=\"V na\u0161em obchod\u011b najdete detaily, d\u00edky kter\u00fdm bude v\u00e1\u0161 interi\u00e9r jedine\u010dn\u00fd. N\u00e1\u0161 sortiment z\u00e1clonov\u00fdch ty\u010d\u00ed, z\u00e1v\u011bs\u016f a z\u00e1clon je nejen funk\u010dn\u00ed, ale tak\u00e9 elegantn\u00ed a stylov\u00fd. Nab\u00edz\u00edme \u0161irok\u00fd sortiment v\u00fdrobk\u016f, kter\u00e9 dodaj\u00ed va\u0161im okn\u016fm a m\u00edstnostem jedine\u010dn\u00fd charakter. Polanica-Zdr\u00f3j &#8211; va\u0161e okna v nov\u00e9m sv\u011btle Na\u0161e spole\u010dnost v\u00e1m p\u0159edstavuje \u0161irok\u00fd sortiment \u017ealuzi\u00ed, rolet, z\u00e1clon, z\u00e1v\u011bs\u016f&hellip; Pokra\u010dovat ve\u00a0\u010dten\u00ed Polanica-Zdr\u00f3j\" \/>\n<meta property=\"og:url\" content=\"https:\/\/www.oslonyokienne.com\/cs\/polanica-zdroj\/\" \/>\n<meta property=\"og:site_name\" content=\"Tax and Trade\" \/>\n<meta name=\"twitter:card\" content=\"summary_large_image\" \/>\n<meta name=\"twitter:label1\" content=\"Odhadovan\u00e1 doba \u010dten\u00ed\" \/>\n\t<meta name=\"twitter:data1\" content=\"1 minuta\" \/>\n<script type=\"application\/ld+json\" class=\"yoast-schema-graph\">{\"@context\":\"https:\/\/schema.org\",\"@graph\":[{\"@type\":\"WebPage\",\"@id\":\"https:\/\/www.oslonyokienne.com\/cs\/polanica-zdroj\/\",\"url\":\"https:\/\/www.oslonyokienne.com\/cs\/polanica-zdroj\/\",\"name\":\"Polanica-Zdr\u00f3j - Tax and Trade\",\"isPartOf\":{\"@id\":\"https:\/\/www.oslonyokienne.com\/cs\/#website\"},\"datePublished\":\"2023-10-04T10:05:34+00:00\",\"dateModified\":\"2023-10-04T10:05:34+00:00\",\"breadcrumb\":{\"@id\":\"https:\/\/www.oslonyokienne.com\/cs\/polanica-zdroj\/#breadcrumb\"},\"inLanguage\":\"cs\",\"potentialAction\":[{\"@type\":\"ReadAction\",\"target\":[\"https:\/\/www.oslonyokienne.com\/cs\/polanica-zdroj\/\"]}]},{\"@type\":\"BreadcrumbList\",\"@id\":\"https:\/\/www.oslonyokienne.com\/cs\/polanica-zdroj\/#breadcrumb\",\"itemListElement\":[{\"@type\":\"ListItem\",\"position\":1,\"name\":\"Strona g\u0142\u00f3wna\",\"item\":\"https:\/\/www.oslonyokienne.com\/cs\/\"},{\"@type\":\"ListItem\",\"position\":2,\"name\":\"Polanica-Zdr\u00f3j\"}]},{\"@type\":\"WebSite\",\"@id\":\"https:\/\/www.oslonyokienne.com\/cs\/#website\",\"url\":\"https:\/\/www.oslonyokienne.com\/cs\/\",\"name\":\"Tax and Trade\",\"description\":\"\",\"publisher\":{\"@id\":\"https:\/\/www.oslonyokienne.com\/cs\/#organization\"},\"potentialAction\":[{\"@type\":\"SearchAction\",\"target\":{\"@type\":\"EntryPoint\",\"urlTemplate\":\"https:\/\/www.oslonyokienne.com\/cs\/?s={search_term_string}\"},\"query-input\":\"required name=search_term_string\"}],\"inLanguage\":\"cs\"},{\"@type\":\"Organization\",\"@id\":\"https:\/\/www.oslonyokienne.com\/cs\/#organization\",\"name\":\"Tax and Trade\",\"url\":\"https:\/\/www.oslonyokienne.com\/cs\/\",\"logo\":{\"@type\":\"ImageObject\",\"inLanguage\":\"cs\",\"@id\":\"https:\/\/www.oslonyokienne.com\/cs\/#\/schema\/logo\/image\/\",\"url\":\"https:\/\/www.oslonyokienne.com\/wp-content\/uploads\/2021\/11\/logo.png\",\"contentUrl\":\"https:\/\/www.oslonyokienne.com\/wp-content\/uploads\/2021\/11\/logo.png\",\"width\":255,\"height\":59,\"caption\":\"Tax and Trade\"},\"image\":{\"@id\":\"https:\/\/www.oslonyokienne.com\/cs\/#\/schema\/logo\/image\/\"}}]}<\/script>\n<!-- \/ Yoast SEO plugin. -->","yoast_head_json":{"title":"Polanica-Zdr\u00f3j - Tax and Trade","robots":{"index":"index","follow":"follow","max-snippet":"max-snippet:-1","max-image-preview":"max-image-preview:large","max-video-preview":"max-video-preview:-1"},"canonical":"https:\/\/www.oslonyokienne.com\/cs\/polanica-zdroj\/","og_locale":"cs_CZ","og_type":"article","og_title":"Polanica-Zdr\u00f3j - Tax and Trade","og_description":"V na\u0161em obchod\u011b najdete detaily, d\u00edky kter\u00fdm bude v\u00e1\u0161 interi\u00e9r jedine\u010dn\u00fd. N\u00e1\u0161 sortiment z\u00e1clonov\u00fdch ty\u010d\u00ed, z\u00e1v\u011bs\u016f a z\u00e1clon je nejen funk\u010dn\u00ed, ale tak\u00e9 elegantn\u00ed a stylov\u00fd. Nab\u00edz\u00edme \u0161irok\u00fd sortiment v\u00fdrobk\u016f, kter\u00e9 dodaj\u00ed va\u0161im okn\u016fm a m\u00edstnostem jedine\u010dn\u00fd charakter. Polanica-Zdr\u00f3j &#8211; va\u0161e okna v nov\u00e9m sv\u011btle Na\u0161e spole\u010dnost v\u00e1m p\u0159edstavuje \u0161irok\u00fd sortiment \u017ealuzi\u00ed, rolet, z\u00e1clon, z\u00e1v\u011bs\u016f&hellip; Pokra\u010dovat ve\u00a0\u010dten\u00ed Polanica-Zdr\u00f3j","og_url":"https:\/\/www.oslonyokienne.com\/cs\/polanica-zdroj\/","og_site_name":"Tax and Trade","twitter_card":"summary_large_image","twitter_misc":{"Odhadovan\u00e1 doba \u010dten\u00ed":"1 minuta"},"schema":{"@context":"https:\/\/schema.org","@graph":[{"@type":"WebPage","@id":"https:\/\/www.oslonyokienne.com\/cs\/polanica-zdroj\/","url":"https:\/\/www.oslonyokienne.com\/cs\/polanica-zdroj\/","name":"Polanica-Zdr\u00f3j - Tax and Trade","isPartOf":{"@id":"https:\/\/www.oslonyokienne.com\/cs\/#website"},"datePublished":"2023-10-04T10:05:34+00:00","dateModified":"2023-10-04T10:05:34+00:00","breadcrumb":{"@id":"https:\/\/www.oslonyokienne.com\/cs\/polanica-zdroj\/#breadcrumb"},"inLanguage":"cs","potentialAction":[{"@type":"ReadAction","target":["https:\/\/www.oslonyokienne.com\/cs\/polanica-zdroj\/"]}]},{"@type":"BreadcrumbList","@id":"https:\/\/www.oslonyokienne.com\/cs\/polanica-zdroj\/#breadcrumb","itemListElement":[{"@type":"ListItem","position":1,"name":"Strona g\u0142\u00f3wna","item":"https:\/\/www.oslonyokienne.com\/cs\/"},{"@type":"ListItem","position":2,"name":"Polanica-Zdr\u00f3j"}]},{"@type":"WebSite","@id":"https:\/\/www.oslonyokienne.com\/cs\/#website","url":"https:\/\/www.oslonyokienne.com\/cs\/","name":"Tax and Trade","description":"","publisher":{"@id":"https:\/\/www.oslonyokienne.com\/cs\/#organization"},"potentialAction":[{"@type":"SearchAction","target":{"@type":"EntryPoint","urlTemplate":"https:\/\/www.oslonyokienne.com\/cs\/?s={search_term_string}"},"query-input":"required name=search_term_string"}],"inLanguage":"cs"},{"@type":"Organization","@id":"https:\/\/www.oslonyokienne.com\/cs\/#organization","name":"Tax and Trade","url":"https:\/\/www.oslonyokienne.com\/cs\/","logo":{"@type":"ImageObject","inLanguage":"cs","@id":"https:\/\/www.oslonyokienne.com\/cs\/#\/schema\/logo\/image\/","url":"https:\/\/www.oslonyokienne.com\/wp-content\/uploads\/2021\/11\/logo.png","contentUrl":"https:\/\/www.oslonyokienne.com\/wp-content\/uploads\/2021\/11\/logo.png","width":255,"height":59,"caption":"Tax and Trade"},"image":{"@id":"https:\/\/www.oslonyokienne.com\/cs\/#\/schema\/logo\/image\/"}}]}},"_links":{"self":[{"href":"https:\/\/www.oslonyokienne.com\/cs\/wp-json\/wp\/v2\/pages\/431","targetHints":{"allow":["GET"]}}],"collection":[{"href":"https:\/\/www.oslonyokienne.com\/cs\/wp-json\/wp\/v2\/pages"}],"about":[{"href":"https:\/\/www.oslonyokienne.com\/cs\/wp-json\/wp\/v2\/types\/page"}],"author":[{"embeddable":true,"href":"https:\/\/www.oslonyokienne.com\/cs\/wp-json\/wp\/v2\/users\/1"}],"replies":[{"embeddable":true,"href":"https:\/\/www.oslonyokienne.com\/cs\/wp-json\/wp\/v2\/comments?post=431"}],"version-history":[{"count":0,"href":"https:\/\/www.oslonyokienne.com\/cs\/wp-json\/wp\/v2\/pages\/431\/revisions"}],"wp:attachment":[{"href":"https:\/\/www.oslonyokienne.com\/cs\/wp-json\/wp\/v2\/media?parent=431"}],"curies":[{"name":"wp","href":"https:\/\/api.w.org\/{rel}","templated":true}]}}